{"id":24247,"date":"2024-02-14T09:04:40","date_gmt":"2024-02-14T06:04:40","guid":{"rendered":"https:\/\/celmomobilya.com\/urun\/unidad-de-pared-montreal\/"},"modified":"2024-02-14T09:04:40","modified_gmt":"2024-02-14T06:04:40","slug":"unidad-de-pared-montreal","status":"publish","type":"product","link":"https:\/\/celmomobilya.com\/es\/producto\/unidad-de-pared-montreal\/","title":{"rendered":"Unidad de Pared Montreal"},"content":{"rendered":"<p>La Unidad de Pared Montreal aporta un toque sofisticado a sus espacios de vida con su dise\u00f1o moderno y elegante. Esta unidad, que destaca por sus l\u00edneas est\u00e9ticas y su estructura funcional, ofrece un espacio perfecto para exhibir su televisor y otros dispositivos electr\u00f3nicos. Fabricada con materiales de alta calidad, la Unidad de Pared Montreal mantiene su durabilidad durante muchos a\u00f1os sin perder la elegancia del primer d\u00eda. Sus amplios espacios de almacenamiento permiten organizar sus pertenencias de manera ordenada, mientras que su dise\u00f1o minimalista se adapta a cualquier estilo de decoraci\u00f3n. Con sus modernos sistemas de estanter\u00edas y compartimentos con puertas, ofrece tanto un uso est\u00e9tico como pr\u00e1ctico. Disponible en diferentes opciones de colores y texturas, se puede personalizar para adaptarse perfectamente a su espacio vital. Si busca combinar funcionalidad y elegancia en su sal\u00f3n, la Unidad de Pared Montreal es la elecci\u00f3n perfecta para usted.<\/p>\n<h4 style=\"text-align: center;\">Dimensiones del Producto<\/h4>\n<table>\n<thead>\n<tr>\n<th><\/th>\n<th>Altura<\/th>\n<th>Anchura<\/th>\n<th>Profundidad<\/th>\n<\/tr>\n<\/thead>\n<tbody>\n<tr>\n<td>Unidad Montreal<\/td>\n<td>47 cm<\/td>\n<td>216 cm<\/td>\n<td>46 cm<\/td>\n<\/tr>\n<\/tbody>\n<\/table>\n","protected":false},"excerpt":{"rendered":"<p>La Unidad de Pared Montreal aporta un toque sofisticado a sus espacios de vida con su dise\u00f1o moderno y elegante.<\/p>\n","protected":false},"featured_media":24248,"template":"","meta":[],"product_brand":[],"product_cat":[99],"product_tag":[],"class_list":{"0":"post-24247","1":"product","2":"type-product","3":"status-publish","4":"has-post-thumbnail","6":"product_cat-unidades-de-tv","8":"first","9":"instock","10":"shipping-taxable","11":"product-type-simple"},"yoast_head":"<!-- This site is optimized with the Yoast SEO Premium plugin v21.3 (Yoast SEO v27.3) - https:\/\/yoast.com\/product\/yoast-seo-premium-wordpress\/ -->\n<title>Unidad de Pared Montreal - \u00c7elmo Mobilya<\/title>\n<meta name=\"robots\" content=\"index, follow, max-snippet:-1, max-image-preview:large, max-video-preview:-1\" \/>\n<link rel=\"canonical\" href=\"https:\/\/celmomobilya.com\/es\/producto\/unidad-de-pared-montreal\/\" \/>\n<meta property=\"og:locale\" content=\"es_ES\" \/>\n<meta property=\"og:type\" content=\"article\" \/>\n<meta property=\"og:title\" content=\"Unidad de Pared Montreal - \u00c7elmo Mobilya\" \/>\n<meta property=\"og:description\" content=\"La Unidad de Pared Montreal aporta un toque sofisticado a sus espacios de vida con su dise\u00f1o moderno y elegante.\" \/>\n<meta property=\"og:url\" content=\"https:\/\/celmomobilya.com\/es\/producto\/unidad-de-pared-montreal\/\" \/>\n<meta property=\"og:site_name\" content=\"\u00c7elmo Mobilya\" \/>\n<meta property=\"article:publisher\" content=\"https:\/\/www.facebook.com\/celmohome\" \/>\n<meta property=\"og:image\" content=\"https:\/\/celmomobilya.com\/wp-content\/uploads\/2024\/02\/urun-montreal-duvar-unitesi-01.jpg\" \/>\n\t<meta property=\"og:image:width\" content=\"1451\" \/>\n\t<meta property=\"og:image:height\" content=\"1200\" \/>\n\t<meta property=\"og:image:type\" content=\"image\/jpeg\" \/>\n<meta name=\"twitter:card\" content=\"summary_large_image\" \/>\n<meta name=\"twitter:label1\" content=\"Tiempo de lectura\" \/>\n\t<meta name=\"twitter:data1\" content=\"1 minuto\" \/>\n<script type=\"application\/ld+json\" class=\"yoast-schema-graph\">{\"@context\":\"https:\\\/\\\/schema.org\",\"@graph\":[{\"@type\":\"WebPage\",\"@id\":\"https:\\\/\\\/celmomobilya.com\\\/es\\\/producto\\\/unidad-de-pared-montreal\\\/\",\"url\":\"https:\\\/\\\/celmomobilya.com\\\/es\\\/producto\\\/unidad-de-pared-montreal\\\/\",\"name\":\"Unidad de Pared Montreal - \u00c7elmo Mobilya\",\"isPartOf\":{\"@id\":\"https:\\\/\\\/celmomobilya.com\\\/es\\\/#website\"},\"primaryImageOfPage\":{\"@id\":\"https:\\\/\\\/celmomobilya.com\\\/es\\\/producto\\\/unidad-de-pared-montreal\\\/#primaryimage\"},\"image\":{\"@id\":\"https:\\\/\\\/celmomobilya.com\\\/es\\\/producto\\\/unidad-de-pared-montreal\\\/#primaryimage\"},\"thumbnailUrl\":\"https:\\\/\\\/celmomobilya.com\\\/wp-content\\\/uploads\\\/2024\\\/02\\\/urun-montreal-duvar-unitesi-01.jpg\",\"datePublished\":\"2024-02-14T06:04:40+00:00\",\"breadcrumb\":{\"@id\":\"https:\\\/\\\/celmomobilya.com\\\/es\\\/producto\\\/unidad-de-pared-montreal\\\/#breadcrumb\"},\"inLanguage\":\"es\",\"potentialAction\":[{\"@type\":\"ReadAction\",\"target\":[\"https:\\\/\\\/celmomobilya.com\\\/es\\\/producto\\\/unidad-de-pared-montreal\\\/\"]}]},{\"@type\":\"ImageObject\",\"inLanguage\":\"es\",\"@id\":\"https:\\\/\\\/celmomobilya.com\\\/es\\\/producto\\\/unidad-de-pared-montreal\\\/#primaryimage\",\"url\":\"https:\\\/\\\/celmomobilya.com\\\/wp-content\\\/uploads\\\/2024\\\/02\\\/urun-montreal-duvar-unitesi-01.jpg\",\"contentUrl\":\"https:\\\/\\\/celmomobilya.com\\\/wp-content\\\/uploads\\\/2024\\\/02\\\/urun-montreal-duvar-unitesi-01.jpg\",\"width\":1451,\"height\":1200},{\"@type\":\"BreadcrumbList\",\"@id\":\"https:\\\/\\\/celmomobilya.com\\\/es\\\/producto\\\/unidad-de-pared-montreal\\\/#breadcrumb\",\"itemListElement\":[{\"@type\":\"ListItem\",\"position\":1,\"name\":\"Productos\",\"item\":\"https:\\\/\\\/celmomobilya.com\\\/es\\\/shop\\\/\"},{\"@type\":\"ListItem\",\"position\":2,\"name\":\"Unidad de Pared Montreal\"}]},{\"@type\":\"WebSite\",\"@id\":\"https:\\\/\\\/celmomobilya.com\\\/es\\\/#website\",\"url\":\"https:\\\/\\\/celmomobilya.com\\\/es\\\/\",\"name\":\"\u00c7elmo Mobilya\",\"description\":\"Modern ve Luxury Ev Mobilyalar\u0131\",\"potentialAction\":[{\"@type\":\"SearchAction\",\"target\":{\"@type\":\"EntryPoint\",\"urlTemplate\":\"https:\\\/\\\/celmomobilya.com\\\/es\\\/?s={search_term_string}\"},\"query-input\":{\"@type\":\"PropertyValueSpecification\",\"valueRequired\":true,\"valueName\":\"search_term_string\"}}],\"inLanguage\":\"es\"}]}<\/script>\n<!-- \/ Yoast SEO Premium plugin. -->","yoast_head_json":{"title":"Unidad de Pared Montreal - \u00c7elmo Mobilya","robots":{"index":"index","follow":"follow","max-snippet":"max-snippet:-1","max-image-preview":"max-image-preview:large","max-video-preview":"max-video-preview:-1"},"canonical":"https:\/\/celmomobilya.com\/es\/producto\/unidad-de-pared-montreal\/","og_locale":"es_ES","og_type":"article","og_title":"Unidad de Pared Montreal - \u00c7elmo Mobilya","og_description":"La Unidad de Pared Montreal aporta un toque sofisticado a sus espacios de vida con su dise\u00f1o moderno y elegante.","og_url":"https:\/\/celmomobilya.com\/es\/producto\/unidad-de-pared-montreal\/","og_site_name":"\u00c7elmo Mobilya","article_publisher":"https:\/\/www.facebook.com\/celmohome","og_image":[{"width":1451,"height":1200,"url":"https:\/\/celmomobilya.com\/wp-content\/uploads\/2024\/02\/urun-montreal-duvar-unitesi-01.jpg","type":"image\/jpeg"}],"twitter_card":"summary_large_image","twitter_misc":{"Tiempo de lectura":"1 minuto"},"schema":{"@context":"https:\/\/schema.org","@graph":[{"@type":"WebPage","@id":"https:\/\/celmomobilya.com\/es\/producto\/unidad-de-pared-montreal\/","url":"https:\/\/celmomobilya.com\/es\/producto\/unidad-de-pared-montreal\/","name":"Unidad de Pared Montreal - \u00c7elmo Mobilya","isPartOf":{"@id":"https:\/\/celmomobilya.com\/es\/#website"},"primaryImageOfPage":{"@id":"https:\/\/celmomobilya.com\/es\/producto\/unidad-de-pared-montreal\/#primaryimage"},"image":{"@id":"https:\/\/celmomobilya.com\/es\/producto\/unidad-de-pared-montreal\/#primaryimage"},"thumbnailUrl":"https:\/\/celmomobilya.com\/wp-content\/uploads\/2024\/02\/urun-montreal-duvar-unitesi-01.jpg","datePublished":"2024-02-14T06:04:40+00:00","breadcrumb":{"@id":"https:\/\/celmomobilya.com\/es\/producto\/unidad-de-pared-montreal\/#breadcrumb"},"inLanguage":"es","potentialAction":[{"@type":"ReadAction","target":["https:\/\/celmomobilya.com\/es\/producto\/unidad-de-pared-montreal\/"]}]},{"@type":"ImageObject","inLanguage":"es","@id":"https:\/\/celmomobilya.com\/es\/producto\/unidad-de-pared-montreal\/#primaryimage","url":"https:\/\/celmomobilya.com\/wp-content\/uploads\/2024\/02\/urun-montreal-duvar-unitesi-01.jpg","contentUrl":"https:\/\/celmomobilya.com\/wp-content\/uploads\/2024\/02\/urun-montreal-duvar-unitesi-01.jpg","width":1451,"height":1200},{"@type":"BreadcrumbList","@id":"https:\/\/celmomobilya.com\/es\/producto\/unidad-de-pared-montreal\/#breadcrumb","itemListElement":[{"@type":"ListItem","position":1,"name":"Productos","item":"https:\/\/celmomobilya.com\/es\/shop\/"},{"@type":"ListItem","position":2,"name":"Unidad de Pared Montreal"}]},{"@type":"WebSite","@id":"https:\/\/celmomobilya.com\/es\/#website","url":"https:\/\/celmomobilya.com\/es\/","name":"\u00c7elmo Mobilya","description":"Modern ve Luxury Ev Mobilyalar\u0131","potentialAction":[{"@type":"SearchAction","target":{"@type":"EntryPoint","urlTemplate":"https:\/\/celmomobilya.com\/es\/?s={search_term_string}"},"query-input":{"@type":"PropertyValueSpecification","valueRequired":true,"valueName":"search_term_string"}}],"inLanguage":"es"}]}},"_links":{"self":[{"href":"https:\/\/celmomobilya.com\/es\/wp-json\/wp\/v2\/product\/24247","targetHints":{"allow":["GET"]}}],"collection":[{"href":"https:\/\/celmomobilya.com\/es\/wp-json\/wp\/v2\/product"}],"about":[{"href":"https:\/\/celmomobilya.com\/es\/wp-json\/wp\/v2\/types\/product"}],"wp:featuredmedia":[{"embeddable":true,"href":"https:\/\/celmomobilya.com\/es\/wp-json\/wp\/v2\/media\/24248"}],"wp:attachment":[{"href":"https:\/\/celmomobilya.com\/es\/wp-json\/wp\/v2\/media?parent=24247"}],"wp:term":[{"taxonomy":"product_brand","embeddable":true,"href":"https:\/\/celmomobilya.com\/es\/wp-json\/wp\/v2\/product_brand?post=24247"},{"taxonomy":"product_cat","embeddable":true,"href":"https:\/\/celmomobilya.com\/es\/wp-json\/wp\/v2\/product_cat?post=24247"},{"taxonomy":"product_tag","embeddable":true,"href":"https:\/\/celmomobilya.com\/es\/wp-json\/wp\/v2\/product_tag?post=24247"}],"curies":[{"name":"wp","href":"https:\/\/api.w.org\/{rel}","templated":true}]}}