{"id":24210,"date":"2024-02-14T09:05:46","date_gmt":"2024-02-14T06:05:46","guid":{"rendered":"https:\/\/celmomobilya.com\/urun\/conjunto-de-sofas-detroit\/"},"modified":"2024-02-14T09:05:46","modified_gmt":"2024-02-14T06:05:46","slug":"conjunto-de-sofas-detroit","status":"publish","type":"product","link":"https:\/\/celmomobilya.com\/es\/producto\/conjunto-de-sofas-detroit\/","title":{"rendered":"Conjunto de Sof\u00e1s Detroit"},"content":{"rendered":"<p>El Conjunto de Sof\u00e1s Detroit aporta un toque sofisticado a sus espacios de vida con su dise\u00f1o moderno y elegante. Este conjunto, que destaca por sus l\u00edneas est\u00e9ticas y detalles refinados, ofrece comodidad con sus amplias \u00e1reas de asiento y su apariencia elegante, ideal para recibir a sus invitados. Fabricado con materiales de alta calidad, el Conjunto de Sof\u00e1s Detroit mantiene su durabilidad durante muchos a\u00f1os sin perder la elegancia del primer d\u00eda. Sus amplios y c\u00f3modos cojines, junto con su estructura ergon\u00f3mica, crean el ambiente perfecto para relajarse despu\u00e9s de un largo d\u00eda. Con sus l\u00edneas modernas y detalles refinados, este conjunto de sof\u00e1s se adapta a cualquier estilo de decoraci\u00f3n y puede personalizarse con diferentes opciones de colores y tejidos para ajustarse a su gusto personal. Si busca combinar confort y elegancia en su espacio, el Conjunto de Sof\u00e1s Detroit es la elecci\u00f3n perfecta para usted.<\/p>\n<div class=\"olcu-table\">\n<h4 style=\"text-align: center;\">Dimensiones del Producto<\/h4>\n<table>\n<thead>\n<tr>\n<th><\/th>\n<th>Altura<\/th>\n<th>Anchura<\/th>\n<th>Profundidad<\/th>\n<\/tr>\n<\/thead>\n<tbody>\n<tr>\n<td>Sof\u00e1 Triple<\/td>\n<td>70 cm<\/td>\n<td>247 cm<\/td>\n<td>92 cm<\/td>\n<\/tr>\n<tr>\n<td>Sill\u00f3n Individual<\/td>\n<td>80 cm<\/td>\n<td>86 cm<\/td>\n<td>82 cm<\/td>\n<\/tr>\n<\/tbody>\n<\/table>\n<\/div>\n","protected":false},"excerpt":{"rendered":"<p>El Conjunto de Sof\u00e1s Detroit aporta un toque sofisticado a sus espacios de vida con su dise\u00f1o moderno y elegante.<\/p>\n","protected":false},"featured_media":24211,"template":"","meta":[],"product_brand":[],"product_cat":[97],"product_tag":[],"class_list":{"0":"post-24210","1":"product","2":"type-product","3":"status-publish","4":"has-post-thumbnail","6":"product_cat-conjuntos-de-sofas","8":"first","9":"instock","10":"shipping-taxable","11":"product-type-simple"},"yoast_head":"<!-- This site is optimized with the Yoast SEO Premium plugin v21.3 (Yoast SEO v27.3) - https:\/\/yoast.com\/product\/yoast-seo-premium-wordpress\/ -->\n<title>Conjunto de Sof\u00e1s Detroit - \u00c7elmo Mobilya<\/title>\n<meta name=\"robots\" content=\"index, follow, max-snippet:-1, max-image-preview:large, max-video-preview:-1\" \/>\n<link rel=\"canonical\" href=\"https:\/\/celmomobilya.com\/es\/producto\/conjunto-de-sofas-detroit\/\" \/>\n<meta property=\"og:locale\" content=\"es_ES\" \/>\n<meta property=\"og:type\" content=\"article\" \/>\n<meta property=\"og:title\" content=\"Conjunto de Sof\u00e1s Detroit - \u00c7elmo Mobilya\" \/>\n<meta property=\"og:description\" content=\"El Conjunto de Sof\u00e1s Detroit aporta un toque sofisticado a sus espacios de vida con su dise\u00f1o moderno y elegante.\" \/>\n<meta property=\"og:url\" content=\"https:\/\/celmomobilya.com\/es\/producto\/conjunto-de-sofas-detroit\/\" \/>\n<meta property=\"og:site_name\" content=\"\u00c7elmo Mobilya\" \/>\n<meta property=\"article:publisher\" content=\"https:\/\/www.facebook.com\/celmohome\" \/>\n<meta property=\"og:image\" content=\"https:\/\/celmomobilya.com\/wp-content\/uploads\/2024\/02\/urun-detroit-koltuk-takimi-01.jpg\" \/>\n\t<meta property=\"og:image:width\" content=\"1892\" \/>\n\t<meta property=\"og:image:height\" content=\"1200\" \/>\n\t<meta property=\"og:image:type\" content=\"image\/jpeg\" \/>\n<meta name=\"twitter:card\" content=\"summary_large_image\" \/>\n<meta name=\"twitter:label1\" content=\"Tiempo de lectura\" \/>\n\t<meta name=\"twitter:data1\" content=\"1 minuto\" \/>\n<script type=\"application\/ld+json\" class=\"yoast-schema-graph\">{\"@context\":\"https:\\\/\\\/schema.org\",\"@graph\":[{\"@type\":\"WebPage\",\"@id\":\"https:\\\/\\\/celmomobilya.com\\\/es\\\/producto\\\/conjunto-de-sofas-detroit\\\/\",\"url\":\"https:\\\/\\\/celmomobilya.com\\\/es\\\/producto\\\/conjunto-de-sofas-detroit\\\/\",\"name\":\"Conjunto de Sof\u00e1s Detroit - \u00c7elmo Mobilya\",\"isPartOf\":{\"@id\":\"https:\\\/\\\/celmomobilya.com\\\/es\\\/#website\"},\"primaryImageOfPage\":{\"@id\":\"https:\\\/\\\/celmomobilya.com\\\/es\\\/producto\\\/conjunto-de-sofas-detroit\\\/#primaryimage\"},\"image\":{\"@id\":\"https:\\\/\\\/celmomobilya.com\\\/es\\\/producto\\\/conjunto-de-sofas-detroit\\\/#primaryimage\"},\"thumbnailUrl\":\"https:\\\/\\\/celmomobilya.com\\\/wp-content\\\/uploads\\\/2024\\\/02\\\/urun-detroit-koltuk-takimi-01.jpg\",\"datePublished\":\"2024-02-14T06:05:46+00:00\",\"breadcrumb\":{\"@id\":\"https:\\\/\\\/celmomobilya.com\\\/es\\\/producto\\\/conjunto-de-sofas-detroit\\\/#breadcrumb\"},\"inLanguage\":\"es\",\"potentialAction\":[{\"@type\":\"ReadAction\",\"target\":[\"https:\\\/\\\/celmomobilya.com\\\/es\\\/producto\\\/conjunto-de-sofas-detroit\\\/\"]}]},{\"@type\":\"ImageObject\",\"inLanguage\":\"es\",\"@id\":\"https:\\\/\\\/celmomobilya.com\\\/es\\\/producto\\\/conjunto-de-sofas-detroit\\\/#primaryimage\",\"url\":\"https:\\\/\\\/celmomobilya.com\\\/wp-content\\\/uploads\\\/2024\\\/02\\\/urun-detroit-koltuk-takimi-01.jpg\",\"contentUrl\":\"https:\\\/\\\/celmomobilya.com\\\/wp-content\\\/uploads\\\/2024\\\/02\\\/urun-detroit-koltuk-takimi-01.jpg\",\"width\":1892,\"height\":1200},{\"@type\":\"BreadcrumbList\",\"@id\":\"https:\\\/\\\/celmomobilya.com\\\/es\\\/producto\\\/conjunto-de-sofas-detroit\\\/#breadcrumb\",\"itemListElement\":[{\"@type\":\"ListItem\",\"position\":1,\"name\":\"Productos\",\"item\":\"https:\\\/\\\/celmomobilya.com\\\/es\\\/shop\\\/\"},{\"@type\":\"ListItem\",\"position\":2,\"name\":\"Conjunto de Sof\u00e1s Detroit\"}]},{\"@type\":\"WebSite\",\"@id\":\"https:\\\/\\\/celmomobilya.com\\\/es\\\/#website\",\"url\":\"https:\\\/\\\/celmomobilya.com\\\/es\\\/\",\"name\":\"\u00c7elmo Mobilya\",\"description\":\"Modern ve Luxury Ev Mobilyalar\u0131\",\"potentialAction\":[{\"@type\":\"SearchAction\",\"target\":{\"@type\":\"EntryPoint\",\"urlTemplate\":\"https:\\\/\\\/celmomobilya.com\\\/es\\\/?s={search_term_string}\"},\"query-input\":{\"@type\":\"PropertyValueSpecification\",\"valueRequired\":true,\"valueName\":\"search_term_string\"}}],\"inLanguage\":\"es\"}]}<\/script>\n<!-- \/ Yoast SEO Premium plugin. -->","yoast_head_json":{"title":"Conjunto de Sof\u00e1s Detroit - \u00c7elmo Mobilya","robots":{"index":"index","follow":"follow","max-snippet":"max-snippet:-1","max-image-preview":"max-image-preview:large","max-video-preview":"max-video-preview:-1"},"canonical":"https:\/\/celmomobilya.com\/es\/producto\/conjunto-de-sofas-detroit\/","og_locale":"es_ES","og_type":"article","og_title":"Conjunto de Sof\u00e1s Detroit - \u00c7elmo Mobilya","og_description":"El Conjunto de Sof\u00e1s Detroit aporta un toque sofisticado a sus espacios de vida con su dise\u00f1o moderno y elegante.","og_url":"https:\/\/celmomobilya.com\/es\/producto\/conjunto-de-sofas-detroit\/","og_site_name":"\u00c7elmo Mobilya","article_publisher":"https:\/\/www.facebook.com\/celmohome","og_image":[{"width":1892,"height":1200,"url":"https:\/\/celmomobilya.com\/wp-content\/uploads\/2024\/02\/urun-detroit-koltuk-takimi-01.jpg","type":"image\/jpeg"}],"twitter_card":"summary_large_image","twitter_misc":{"Tiempo de lectura":"1 minuto"},"schema":{"@context":"https:\/\/schema.org","@graph":[{"@type":"WebPage","@id":"https:\/\/celmomobilya.com\/es\/producto\/conjunto-de-sofas-detroit\/","url":"https:\/\/celmomobilya.com\/es\/producto\/conjunto-de-sofas-detroit\/","name":"Conjunto de Sof\u00e1s Detroit - \u00c7elmo Mobilya","isPartOf":{"@id":"https:\/\/celmomobilya.com\/es\/#website"},"primaryImageOfPage":{"@id":"https:\/\/celmomobilya.com\/es\/producto\/conjunto-de-sofas-detroit\/#primaryimage"},"image":{"@id":"https:\/\/celmomobilya.com\/es\/producto\/conjunto-de-sofas-detroit\/#primaryimage"},"thumbnailUrl":"https:\/\/celmomobilya.com\/wp-content\/uploads\/2024\/02\/urun-detroit-koltuk-takimi-01.jpg","datePublished":"2024-02-14T06:05:46+00:00","breadcrumb":{"@id":"https:\/\/celmomobilya.com\/es\/producto\/conjunto-de-sofas-detroit\/#breadcrumb"},"inLanguage":"es","potentialAction":[{"@type":"ReadAction","target":["https:\/\/celmomobilya.com\/es\/producto\/conjunto-de-sofas-detroit\/"]}]},{"@type":"ImageObject","inLanguage":"es","@id":"https:\/\/celmomobilya.com\/es\/producto\/conjunto-de-sofas-detroit\/#primaryimage","url":"https:\/\/celmomobilya.com\/wp-content\/uploads\/2024\/02\/urun-detroit-koltuk-takimi-01.jpg","contentUrl":"https:\/\/celmomobilya.com\/wp-content\/uploads\/2024\/02\/urun-detroit-koltuk-takimi-01.jpg","width":1892,"height":1200},{"@type":"BreadcrumbList","@id":"https:\/\/celmomobilya.com\/es\/producto\/conjunto-de-sofas-detroit\/#breadcrumb","itemListElement":[{"@type":"ListItem","position":1,"name":"Productos","item":"https:\/\/celmomobilya.com\/es\/shop\/"},{"@type":"ListItem","position":2,"name":"Conjunto de Sof\u00e1s Detroit"}]},{"@type":"WebSite","@id":"https:\/\/celmomobilya.com\/es\/#website","url":"https:\/\/celmomobilya.com\/es\/","name":"\u00c7elmo Mobilya","description":"Modern ve Luxury Ev Mobilyalar\u0131","potentialAction":[{"@type":"SearchAction","target":{"@type":"EntryPoint","urlTemplate":"https:\/\/celmomobilya.com\/es\/?s={search_term_string}"},"query-input":{"@type":"PropertyValueSpecification","valueRequired":true,"valueName":"search_term_string"}}],"inLanguage":"es"}]}},"_links":{"self":[{"href":"https:\/\/celmomobilya.com\/es\/wp-json\/wp\/v2\/product\/24210","targetHints":{"allow":["GET"]}}],"collection":[{"href":"https:\/\/celmomobilya.com\/es\/wp-json\/wp\/v2\/product"}],"about":[{"href":"https:\/\/celmomobilya.com\/es\/wp-json\/wp\/v2\/types\/product"}],"wp:featuredmedia":[{"embeddable":true,"href":"https:\/\/celmomobilya.com\/es\/wp-json\/wp\/v2\/media\/24211"}],"wp:attachment":[{"href":"https:\/\/celmomobilya.com\/es\/wp-json\/wp\/v2\/media?parent=24210"}],"wp:term":[{"taxonomy":"product_brand","embeddable":true,"href":"https:\/\/celmomobilya.com\/es\/wp-json\/wp\/v2\/product_brand?post=24210"},{"taxonomy":"product_cat","embeddable":true,"href":"https:\/\/celmomobilya.com\/es\/wp-json\/wp\/v2\/product_cat?post=24210"},{"taxonomy":"product_tag","embeddable":true,"href":"https:\/\/celmomobilya.com\/es\/wp-json\/wp\/v2\/product_tag?post=24210"}],"curies":[{"name":"wp","href":"https:\/\/api.w.org\/{rel}","templated":true}]}}