{"id":24145,"date":"2024-02-14T09:07:30","date_gmt":"2024-02-14T06:07:30","guid":{"rendered":"https:\/\/celmomobilya.com\/urun\/conjunto-de-dormitorio-detroit\/"},"modified":"2024-02-14T09:07:30","modified_gmt":"2024-02-14T06:07:30","slug":"conjunto-de-dormitorio-detroit","status":"publish","type":"product","link":"https:\/\/celmomobilya.com\/es\/producto\/conjunto-de-dormitorio-detroit\/","title":{"rendered":"Conjunto de Dormitorio Detroit"},"content":{"rendered":"<p>El Conjunto de Dormitorio Detroit aporta un toque sofisticado a su dormitorio con su dise\u00f1o moderno y elegante. Este conjunto, que destaca por sus l\u00edneas est\u00e9ticas y detalles refinados, ofrece una experiencia de descanso confortable y una satisfacci\u00f3n visual. Fabricado con materiales de alta calidad, el Conjunto de Dormitorio Detroit mantiene su durabilidad durante muchos a\u00f1os sin perder la elegancia del primer d\u00eda. Con su amplio armario, c\u00f3moda y mesitas de noche, proporciona gran facilidad para el almacenamiento y la organizaci\u00f3n. El elegante cabecero y la c\u00f3moda cama crean el ambiente ideal para relajarse despu\u00e9s de un largo d\u00eda. Disponible en diferentes opciones de colores y texturas, se puede personalizar para adaptarse perfectamente a su dormitorio. Si busca combinar confort y elegancia en su espacio, el Conjunto de Dormitorio Detroit es la elecci\u00f3n perfecta para usted.<\/p>\n<h4 style=\"text-align: center;\">Dimensiones del Producto<\/h4>\n<table>\n<thead>\n<tr>\n<th><\/th>\n<th>Altura<\/th>\n<th>Anchura<\/th>\n<th>Profundidad<\/th>\n<\/tr>\n<\/thead>\n<tbody>\n<tr>\n<td>Armario Detroit<\/td>\n<td>230 cm<\/td>\n<td>270 cm<\/td>\n<td>62 cm<\/td>\n<\/tr>\n<tr>\n<td>Cama Detroit<\/td>\n<td>131 cm<\/td>\n<td>300 cm<\/td>\n<td>215 cm<\/td>\n<\/tr>\n<tr>\n<td>Mesita de Noche Detroit<\/td>\n<td>50 cm<\/td>\n<td>65 cm<\/td>\n<td>50 cm<\/td>\n<\/tr>\n<tr>\n<td>C\u00f3moda Detroit<\/td>\n<td>179 cm<\/td>\n<td>143 cm<\/td>\n<td>50 cm<\/td>\n<\/tr>\n<\/tbody>\n<\/table>\n","protected":false},"excerpt":{"rendered":"<p>El Conjunto de Dormitorio Detroit aporta un toque sofisticado a su dormitorio con su dise\u00f1o moderno y elegante. Este conjunto,<\/p>\n","protected":false},"featured_media":24146,"template":"","meta":[],"product_brand":[],"product_cat":[100],"product_tag":[],"class_list":{"0":"post-24145","1":"product","2":"type-product","3":"status-publish","4":"has-post-thumbnail","6":"product_cat-conjuntos-de-dormitorio","8":"first","9":"instock","10":"shipping-taxable","11":"product-type-simple"},"yoast_head":"<!-- This site is optimized with the Yoast SEO Premium plugin v21.3 (Yoast SEO v27.3) - https:\/\/yoast.com\/product\/yoast-seo-premium-wordpress\/ -->\n<title>Conjunto de Dormitorio Detroit - \u00c7elmo Mobilya<\/title>\n<meta name=\"robots\" content=\"index, follow, max-snippet:-1, max-image-preview:large, max-video-preview:-1\" \/>\n<link rel=\"canonical\" href=\"https:\/\/celmomobilya.com\/es\/producto\/conjunto-de-dormitorio-detroit\/\" \/>\n<meta property=\"og:locale\" content=\"es_ES\" \/>\n<meta property=\"og:type\" content=\"article\" \/>\n<meta property=\"og:title\" content=\"Conjunto de Dormitorio Detroit - \u00c7elmo Mobilya\" \/>\n<meta property=\"og:description\" content=\"El Conjunto de Dormitorio Detroit aporta un toque sofisticado a su dormitorio con su dise\u00f1o moderno y elegante. Este conjunto,\" \/>\n<meta property=\"og:url\" content=\"https:\/\/celmomobilya.com\/es\/producto\/conjunto-de-dormitorio-detroit\/\" \/>\n<meta property=\"og:site_name\" content=\"\u00c7elmo Mobilya\" \/>\n<meta property=\"article:publisher\" content=\"https:\/\/www.facebook.com\/celmohome\" \/>\n<meta property=\"og:image\" content=\"https:\/\/celmomobilya.com\/wp-content\/uploads\/2024\/02\/urun-detroit-yatak-odasi-takimi-01.jpg\" \/>\n\t<meta property=\"og:image:width\" content=\"1890\" \/>\n\t<meta property=\"og:image:height\" content=\"1200\" \/>\n\t<meta property=\"og:image:type\" content=\"image\/jpeg\" \/>\n<meta name=\"twitter:card\" content=\"summary_large_image\" \/>\n<meta name=\"twitter:label1\" content=\"Tiempo de lectura\" \/>\n\t<meta name=\"twitter:data1\" content=\"1 minuto\" \/>\n<script type=\"application\/ld+json\" class=\"yoast-schema-graph\">{\"@context\":\"https:\\\/\\\/schema.org\",\"@graph\":[{\"@type\":\"WebPage\",\"@id\":\"https:\\\/\\\/celmomobilya.com\\\/es\\\/producto\\\/conjunto-de-dormitorio-detroit\\\/\",\"url\":\"https:\\\/\\\/celmomobilya.com\\\/es\\\/producto\\\/conjunto-de-dormitorio-detroit\\\/\",\"name\":\"Conjunto de Dormitorio Detroit - \u00c7elmo Mobilya\",\"isPartOf\":{\"@id\":\"https:\\\/\\\/celmomobilya.com\\\/es\\\/#website\"},\"primaryImageOfPage\":{\"@id\":\"https:\\\/\\\/celmomobilya.com\\\/es\\\/producto\\\/conjunto-de-dormitorio-detroit\\\/#primaryimage\"},\"image\":{\"@id\":\"https:\\\/\\\/celmomobilya.com\\\/es\\\/producto\\\/conjunto-de-dormitorio-detroit\\\/#primaryimage\"},\"thumbnailUrl\":\"https:\\\/\\\/celmomobilya.com\\\/wp-content\\\/uploads\\\/2024\\\/02\\\/urun-detroit-yatak-odasi-takimi-01.jpg\",\"datePublished\":\"2024-02-14T06:07:30+00:00\",\"breadcrumb\":{\"@id\":\"https:\\\/\\\/celmomobilya.com\\\/es\\\/producto\\\/conjunto-de-dormitorio-detroit\\\/#breadcrumb\"},\"inLanguage\":\"es\",\"potentialAction\":[{\"@type\":\"ReadAction\",\"target\":[\"https:\\\/\\\/celmomobilya.com\\\/es\\\/producto\\\/conjunto-de-dormitorio-detroit\\\/\"]}]},{\"@type\":\"ImageObject\",\"inLanguage\":\"es\",\"@id\":\"https:\\\/\\\/celmomobilya.com\\\/es\\\/producto\\\/conjunto-de-dormitorio-detroit\\\/#primaryimage\",\"url\":\"https:\\\/\\\/celmomobilya.com\\\/wp-content\\\/uploads\\\/2024\\\/02\\\/urun-detroit-yatak-odasi-takimi-01.jpg\",\"contentUrl\":\"https:\\\/\\\/celmomobilya.com\\\/wp-content\\\/uploads\\\/2024\\\/02\\\/urun-detroit-yatak-odasi-takimi-01.jpg\",\"width\":1890,\"height\":1200},{\"@type\":\"BreadcrumbList\",\"@id\":\"https:\\\/\\\/celmomobilya.com\\\/es\\\/producto\\\/conjunto-de-dormitorio-detroit\\\/#breadcrumb\",\"itemListElement\":[{\"@type\":\"ListItem\",\"position\":1,\"name\":\"Productos\",\"item\":\"https:\\\/\\\/celmomobilya.com\\\/es\\\/shop\\\/\"},{\"@type\":\"ListItem\",\"position\":2,\"name\":\"Conjunto de Dormitorio Detroit\"}]},{\"@type\":\"WebSite\",\"@id\":\"https:\\\/\\\/celmomobilya.com\\\/es\\\/#website\",\"url\":\"https:\\\/\\\/celmomobilya.com\\\/es\\\/\",\"name\":\"\u00c7elmo Mobilya\",\"description\":\"Modern ve Luxury Ev Mobilyalar\u0131\",\"potentialAction\":[{\"@type\":\"SearchAction\",\"target\":{\"@type\":\"EntryPoint\",\"urlTemplate\":\"https:\\\/\\\/celmomobilya.com\\\/es\\\/?s={search_term_string}\"},\"query-input\":{\"@type\":\"PropertyValueSpecification\",\"valueRequired\":true,\"valueName\":\"search_term_string\"}}],\"inLanguage\":\"es\"}]}<\/script>\n<!-- \/ Yoast SEO Premium plugin. -->","yoast_head_json":{"title":"Conjunto de Dormitorio Detroit - \u00c7elmo Mobilya","robots":{"index":"index","follow":"follow","max-snippet":"max-snippet:-1","max-image-preview":"max-image-preview:large","max-video-preview":"max-video-preview:-1"},"canonical":"https:\/\/celmomobilya.com\/es\/producto\/conjunto-de-dormitorio-detroit\/","og_locale":"es_ES","og_type":"article","og_title":"Conjunto de Dormitorio Detroit - \u00c7elmo Mobilya","og_description":"El Conjunto de Dormitorio Detroit aporta un toque sofisticado a su dormitorio con su dise\u00f1o moderno y elegante. Este conjunto,","og_url":"https:\/\/celmomobilya.com\/es\/producto\/conjunto-de-dormitorio-detroit\/","og_site_name":"\u00c7elmo Mobilya","article_publisher":"https:\/\/www.facebook.com\/celmohome","og_image":[{"width":1890,"height":1200,"url":"https:\/\/celmomobilya.com\/wp-content\/uploads\/2024\/02\/urun-detroit-yatak-odasi-takimi-01.jpg","type":"image\/jpeg"}],"twitter_card":"summary_large_image","twitter_misc":{"Tiempo de lectura":"1 minuto"},"schema":{"@context":"https:\/\/schema.org","@graph":[{"@type":"WebPage","@id":"https:\/\/celmomobilya.com\/es\/producto\/conjunto-de-dormitorio-detroit\/","url":"https:\/\/celmomobilya.com\/es\/producto\/conjunto-de-dormitorio-detroit\/","name":"Conjunto de Dormitorio Detroit - \u00c7elmo Mobilya","isPartOf":{"@id":"https:\/\/celmomobilya.com\/es\/#website"},"primaryImageOfPage":{"@id":"https:\/\/celmomobilya.com\/es\/producto\/conjunto-de-dormitorio-detroit\/#primaryimage"},"image":{"@id":"https:\/\/celmomobilya.com\/es\/producto\/conjunto-de-dormitorio-detroit\/#primaryimage"},"thumbnailUrl":"https:\/\/celmomobilya.com\/wp-content\/uploads\/2024\/02\/urun-detroit-yatak-odasi-takimi-01.jpg","datePublished":"2024-02-14T06:07:30+00:00","breadcrumb":{"@id":"https:\/\/celmomobilya.com\/es\/producto\/conjunto-de-dormitorio-detroit\/#breadcrumb"},"inLanguage":"es","potentialAction":[{"@type":"ReadAction","target":["https:\/\/celmomobilya.com\/es\/producto\/conjunto-de-dormitorio-detroit\/"]}]},{"@type":"ImageObject","inLanguage":"es","@id":"https:\/\/celmomobilya.com\/es\/producto\/conjunto-de-dormitorio-detroit\/#primaryimage","url":"https:\/\/celmomobilya.com\/wp-content\/uploads\/2024\/02\/urun-detroit-yatak-odasi-takimi-01.jpg","contentUrl":"https:\/\/celmomobilya.com\/wp-content\/uploads\/2024\/02\/urun-detroit-yatak-odasi-takimi-01.jpg","width":1890,"height":1200},{"@type":"BreadcrumbList","@id":"https:\/\/celmomobilya.com\/es\/producto\/conjunto-de-dormitorio-detroit\/#breadcrumb","itemListElement":[{"@type":"ListItem","position":1,"name":"Productos","item":"https:\/\/celmomobilya.com\/es\/shop\/"},{"@type":"ListItem","position":2,"name":"Conjunto de Dormitorio Detroit"}]},{"@type":"WebSite","@id":"https:\/\/celmomobilya.com\/es\/#website","url":"https:\/\/celmomobilya.com\/es\/","name":"\u00c7elmo Mobilya","description":"Modern ve Luxury Ev Mobilyalar\u0131","potentialAction":[{"@type":"SearchAction","target":{"@type":"EntryPoint","urlTemplate":"https:\/\/celmomobilya.com\/es\/?s={search_term_string}"},"query-input":{"@type":"PropertyValueSpecification","valueRequired":true,"valueName":"search_term_string"}}],"inLanguage":"es"}]}},"_links":{"self":[{"href":"https:\/\/celmomobilya.com\/es\/wp-json\/wp\/v2\/product\/24145","targetHints":{"allow":["GET"]}}],"collection":[{"href":"https:\/\/celmomobilya.com\/es\/wp-json\/wp\/v2\/product"}],"about":[{"href":"https:\/\/celmomobilya.com\/es\/wp-json\/wp\/v2\/types\/product"}],"wp:featuredmedia":[{"embeddable":true,"href":"https:\/\/celmomobilya.com\/es\/wp-json\/wp\/v2\/media\/24146"}],"wp:attachment":[{"href":"https:\/\/celmomobilya.com\/es\/wp-json\/wp\/v2\/media?parent=24145"}],"wp:term":[{"taxonomy":"product_brand","embeddable":true,"href":"https:\/\/celmomobilya.com\/es\/wp-json\/wp\/v2\/product_brand?post=24145"},{"taxonomy":"product_cat","embeddable":true,"href":"https:\/\/celmomobilya.com\/es\/wp-json\/wp\/v2\/product_cat?post=24145"},{"taxonomy":"product_tag","embeddable":true,"href":"https:\/\/celmomobilya.com\/es\/wp-json\/wp\/v2\/product_tag?post=24145"}],"curies":[{"name":"wp","href":"https:\/\/api.w.org\/{rel}","templated":true}]}}