{"id":24082,"date":"2024-02-14T11:09:21","date_gmt":"2024-02-14T08:09:21","guid":{"rendered":"https:\/\/celmomobilya.com\/urun\/conjunto-de-sofa-esquinero-siesta-relax\/"},"modified":"2024-02-14T11:09:21","modified_gmt":"2024-02-14T08:09:21","slug":"conjunto-de-sofa-esquinero-siesta-relax","status":"publish","type":"product","link":"https:\/\/celmomobilya.com\/es\/producto\/conjunto-de-sofa-esquinero-siesta-relax\/","title":{"rendered":"Conjunto de Sof\u00e1 Esquinero Siesta Relax"},"content":{"rendered":"<p>El Conjunto de Sof\u00e1 Esquinero Siesta Relax crea el rinc\u00f3n m\u00e1s c\u00f3modo de su hogar con su dise\u00f1o moderno y elegante. Gracias a su tejido de textura suave y su amplio espacio de asiento, es una opci\u00f3n ideal para relajarse tras un largo d\u00eda. Su estructura ergon\u00f3mica proporciona un soporte perfecto para el cuerpo y garantiza comodidad incluso en sesiones prolongadas. El Conjunto de Sof\u00e1 Esquinero Siesta Relax, con su estructura modular, se puede adaptar a diferentes espacios. Con sus l\u00edneas modernas y detalles refinados, este conjunto se adapta a cualquier estilo de decoraci\u00f3n. Fabricado con materiales duraderos, ofrece una larga vida \u00fatil. Adem\u00e1s, est\u00e1 disponible en diferentes opciones de colores y tejidos para personalizarlo seg\u00fan su gusto personal, aportando tanto confort como est\u00e9tica a su hogar. Si busca un sof\u00e1 esquinero c\u00f3modo y elegante para su espacio de vida, el Conjunto de Sof\u00e1 Esquinero Siesta Relax es una elecci\u00f3n perfecta.<\/p>\n<div class=\"olcu-table\">\n<h4 style=\"text-align: center;\">Dimensiones del Producto<\/h4>\n<table>\n<thead>\n<tr>\n<th><\/th>\n<th>Altura<\/th>\n<th>Anchura<\/th>\n<th>Profundidad<\/th>\n<\/tr>\n<\/thead>\n<tbody>\n<tr>\n<td>Relax<\/td>\n<td>75 cm<\/td>\n<td>150 cm<\/td>\n<td>180 cm<\/td>\n<\/tr>\n<\/tbody>\n<\/table>\n<\/div>\n","protected":false},"excerpt":{"rendered":"<p>El Conjunto de Sof\u00e1 Esquinero Siesta Relax crea el rinc\u00f3n m\u00e1s c\u00f3modo de su hogar con su dise\u00f1o moderno y<\/p>\n","protected":false},"featured_media":24083,"template":"","meta":[],"product_brand":[],"product_cat":[98],"product_tag":[],"class_list":{"0":"post-24082","1":"product","2":"type-product","3":"status-publish","4":"has-post-thumbnail","6":"product_cat-conjuntos-de-esquina","8":"first","9":"instock","10":"shipping-taxable","11":"product-type-simple"},"yoast_head":"<!-- This site is optimized with the Yoast SEO Premium plugin v21.3 (Yoast SEO v27.3) - https:\/\/yoast.com\/product\/yoast-seo-premium-wordpress\/ -->\n<title>Conjunto de Sof\u00e1 Esquinero Siesta Relax - \u00c7elmo Mobilya<\/title>\n<meta name=\"robots\" content=\"index, follow, max-snippet:-1, max-image-preview:large, max-video-preview:-1\" \/>\n<link rel=\"canonical\" href=\"https:\/\/celmomobilya.com\/es\/producto\/conjunto-de-sofa-esquinero-siesta-relax\/\" \/>\n<meta property=\"og:locale\" content=\"es_ES\" \/>\n<meta property=\"og:type\" content=\"article\" \/>\n<meta property=\"og:title\" content=\"Conjunto de Sof\u00e1 Esquinero Siesta Relax - \u00c7elmo Mobilya\" \/>\n<meta property=\"og:description\" content=\"El Conjunto de Sof\u00e1 Esquinero Siesta Relax crea el rinc\u00f3n m\u00e1s c\u00f3modo de su hogar con su dise\u00f1o moderno y\" \/>\n<meta property=\"og:url\" content=\"https:\/\/celmomobilya.com\/es\/producto\/conjunto-de-sofa-esquinero-siesta-relax\/\" \/>\n<meta property=\"og:site_name\" content=\"\u00c7elmo Mobilya\" \/>\n<meta property=\"article:publisher\" content=\"https:\/\/www.facebook.com\/celmohome\" \/>\n<meta property=\"og:image\" content=\"https:\/\/celmomobilya.com\/wp-content\/uploads\/2024\/02\/CELMO_128538-1-scaled.jpg\" \/>\n\t<meta property=\"og:image:width\" content=\"2560\" \/>\n\t<meta property=\"og:image:height\" content=\"2106\" \/>\n\t<meta property=\"og:image:type\" content=\"image\/jpeg\" \/>\n<meta name=\"twitter:card\" content=\"summary_large_image\" \/>\n<meta name=\"twitter:label1\" content=\"Tiempo de lectura\" \/>\n\t<meta name=\"twitter:data1\" content=\"1 minuto\" \/>\n<script type=\"application\/ld+json\" class=\"yoast-schema-graph\">{\"@context\":\"https:\\\/\\\/schema.org\",\"@graph\":[{\"@type\":\"WebPage\",\"@id\":\"https:\\\/\\\/celmomobilya.com\\\/es\\\/producto\\\/conjunto-de-sofa-esquinero-siesta-relax\\\/\",\"url\":\"https:\\\/\\\/celmomobilya.com\\\/es\\\/producto\\\/conjunto-de-sofa-esquinero-siesta-relax\\\/\",\"name\":\"Conjunto de Sof\u00e1 Esquinero Siesta Relax - \u00c7elmo Mobilya\",\"isPartOf\":{\"@id\":\"https:\\\/\\\/celmomobilya.com\\\/es\\\/#website\"},\"primaryImageOfPage\":{\"@id\":\"https:\\\/\\\/celmomobilya.com\\\/es\\\/producto\\\/conjunto-de-sofa-esquinero-siesta-relax\\\/#primaryimage\"},\"image\":{\"@id\":\"https:\\\/\\\/celmomobilya.com\\\/es\\\/producto\\\/conjunto-de-sofa-esquinero-siesta-relax\\\/#primaryimage\"},\"thumbnailUrl\":\"https:\\\/\\\/celmomobilya.com\\\/wp-content\\\/uploads\\\/2024\\\/02\\\/CELMO_128538-1-scaled.jpg\",\"datePublished\":\"2024-02-14T08:09:21+00:00\",\"breadcrumb\":{\"@id\":\"https:\\\/\\\/celmomobilya.com\\\/es\\\/producto\\\/conjunto-de-sofa-esquinero-siesta-relax\\\/#breadcrumb\"},\"inLanguage\":\"es\",\"potentialAction\":[{\"@type\":\"ReadAction\",\"target\":[\"https:\\\/\\\/celmomobilya.com\\\/es\\\/producto\\\/conjunto-de-sofa-esquinero-siesta-relax\\\/\"]}]},{\"@type\":\"ImageObject\",\"inLanguage\":\"es\",\"@id\":\"https:\\\/\\\/celmomobilya.com\\\/es\\\/producto\\\/conjunto-de-sofa-esquinero-siesta-relax\\\/#primaryimage\",\"url\":\"https:\\\/\\\/celmomobilya.com\\\/wp-content\\\/uploads\\\/2024\\\/02\\\/CELMO_128538-1-scaled.jpg\",\"contentUrl\":\"https:\\\/\\\/celmomobilya.com\\\/wp-content\\\/uploads\\\/2024\\\/02\\\/CELMO_128538-1-scaled.jpg\",\"width\":2560,\"height\":2106},{\"@type\":\"BreadcrumbList\",\"@id\":\"https:\\\/\\\/celmomobilya.com\\\/es\\\/producto\\\/conjunto-de-sofa-esquinero-siesta-relax\\\/#breadcrumb\",\"itemListElement\":[{\"@type\":\"ListItem\",\"position\":1,\"name\":\"Productos\",\"item\":\"https:\\\/\\\/celmomobilya.com\\\/es\\\/shop\\\/\"},{\"@type\":\"ListItem\",\"position\":2,\"name\":\"Conjunto de Sof\u00e1 Esquinero Siesta Relax\"}]},{\"@type\":\"WebSite\",\"@id\":\"https:\\\/\\\/celmomobilya.com\\\/es\\\/#website\",\"url\":\"https:\\\/\\\/celmomobilya.com\\\/es\\\/\",\"name\":\"\u00c7elmo Mobilya\",\"description\":\"Modern ve Luxury Ev Mobilyalar\u0131\",\"potentialAction\":[{\"@type\":\"SearchAction\",\"target\":{\"@type\":\"EntryPoint\",\"urlTemplate\":\"https:\\\/\\\/celmomobilya.com\\\/es\\\/?s={search_term_string}\"},\"query-input\":{\"@type\":\"PropertyValueSpecification\",\"valueRequired\":true,\"valueName\":\"search_term_string\"}}],\"inLanguage\":\"es\"}]}<\/script>\n<!-- \/ Yoast SEO Premium plugin. -->","yoast_head_json":{"title":"Conjunto de Sof\u00e1 Esquinero Siesta Relax - \u00c7elmo Mobilya","robots":{"index":"index","follow":"follow","max-snippet":"max-snippet:-1","max-image-preview":"max-image-preview:large","max-video-preview":"max-video-preview:-1"},"canonical":"https:\/\/celmomobilya.com\/es\/producto\/conjunto-de-sofa-esquinero-siesta-relax\/","og_locale":"es_ES","og_type":"article","og_title":"Conjunto de Sof\u00e1 Esquinero Siesta Relax - \u00c7elmo Mobilya","og_description":"El Conjunto de Sof\u00e1 Esquinero Siesta Relax crea el rinc\u00f3n m\u00e1s c\u00f3modo de su hogar con su dise\u00f1o moderno y","og_url":"https:\/\/celmomobilya.com\/es\/producto\/conjunto-de-sofa-esquinero-siesta-relax\/","og_site_name":"\u00c7elmo Mobilya","article_publisher":"https:\/\/www.facebook.com\/celmohome","og_image":[{"width":2560,"height":2106,"url":"https:\/\/celmomobilya.com\/wp-content\/uploads\/2024\/02\/CELMO_128538-1-scaled.jpg","type":"image\/jpeg"}],"twitter_card":"summary_large_image","twitter_misc":{"Tiempo de lectura":"1 minuto"},"schema":{"@context":"https:\/\/schema.org","@graph":[{"@type":"WebPage","@id":"https:\/\/celmomobilya.com\/es\/producto\/conjunto-de-sofa-esquinero-siesta-relax\/","url":"https:\/\/celmomobilya.com\/es\/producto\/conjunto-de-sofa-esquinero-siesta-relax\/","name":"Conjunto de Sof\u00e1 Esquinero Siesta Relax - \u00c7elmo Mobilya","isPartOf":{"@id":"https:\/\/celmomobilya.com\/es\/#website"},"primaryImageOfPage":{"@id":"https:\/\/celmomobilya.com\/es\/producto\/conjunto-de-sofa-esquinero-siesta-relax\/#primaryimage"},"image":{"@id":"https:\/\/celmomobilya.com\/es\/producto\/conjunto-de-sofa-esquinero-siesta-relax\/#primaryimage"},"thumbnailUrl":"https:\/\/celmomobilya.com\/wp-content\/uploads\/2024\/02\/CELMO_128538-1-scaled.jpg","datePublished":"2024-02-14T08:09:21+00:00","breadcrumb":{"@id":"https:\/\/celmomobilya.com\/es\/producto\/conjunto-de-sofa-esquinero-siesta-relax\/#breadcrumb"},"inLanguage":"es","potentialAction":[{"@type":"ReadAction","target":["https:\/\/celmomobilya.com\/es\/producto\/conjunto-de-sofa-esquinero-siesta-relax\/"]}]},{"@type":"ImageObject","inLanguage":"es","@id":"https:\/\/celmomobilya.com\/es\/producto\/conjunto-de-sofa-esquinero-siesta-relax\/#primaryimage","url":"https:\/\/celmomobilya.com\/wp-content\/uploads\/2024\/02\/CELMO_128538-1-scaled.jpg","contentUrl":"https:\/\/celmomobilya.com\/wp-content\/uploads\/2024\/02\/CELMO_128538-1-scaled.jpg","width":2560,"height":2106},{"@type":"BreadcrumbList","@id":"https:\/\/celmomobilya.com\/es\/producto\/conjunto-de-sofa-esquinero-siesta-relax\/#breadcrumb","itemListElement":[{"@type":"ListItem","position":1,"name":"Productos","item":"https:\/\/celmomobilya.com\/es\/shop\/"},{"@type":"ListItem","position":2,"name":"Conjunto de Sof\u00e1 Esquinero Siesta Relax"}]},{"@type":"WebSite","@id":"https:\/\/celmomobilya.com\/es\/#website","url":"https:\/\/celmomobilya.com\/es\/","name":"\u00c7elmo Mobilya","description":"Modern ve Luxury Ev Mobilyalar\u0131","potentialAction":[{"@type":"SearchAction","target":{"@type":"EntryPoint","urlTemplate":"https:\/\/celmomobilya.com\/es\/?s={search_term_string}"},"query-input":{"@type":"PropertyValueSpecification","valueRequired":true,"valueName":"search_term_string"}}],"inLanguage":"es"}]}},"_links":{"self":[{"href":"https:\/\/celmomobilya.com\/es\/wp-json\/wp\/v2\/product\/24082","targetHints":{"allow":["GET"]}}],"collection":[{"href":"https:\/\/celmomobilya.com\/es\/wp-json\/wp\/v2\/product"}],"about":[{"href":"https:\/\/celmomobilya.com\/es\/wp-json\/wp\/v2\/types\/product"}],"wp:featuredmedia":[{"embeddable":true,"href":"https:\/\/celmomobilya.com\/es\/wp-json\/wp\/v2\/media\/24083"}],"wp:attachment":[{"href":"https:\/\/celmomobilya.com\/es\/wp-json\/wp\/v2\/media?parent=24082"}],"wp:term":[{"taxonomy":"product_brand","embeddable":true,"href":"https:\/\/celmomobilya.com\/es\/wp-json\/wp\/v2\/product_brand?post=24082"},{"taxonomy":"product_cat","embeddable":true,"href":"https:\/\/celmomobilya.com\/es\/wp-json\/wp\/v2\/product_cat?post=24082"},{"taxonomy":"product_tag","embeddable":true,"href":"https:\/\/celmomobilya.com\/es\/wp-json\/wp\/v2\/product_tag?post=24082"}],"curies":[{"name":"wp","href":"https:\/\/api.w.org\/{rel}","templated":true}]}}