{"id":24026,"date":"2025-03-06T00:05:46","date_gmt":"2025-03-05T21:05:46","guid":{"rendered":"https:\/\/celmomobilya.com\/urun\/unidad-de-pared-bolivia\/"},"modified":"2025-03-06T00:05:46","modified_gmt":"2025-03-05T21:05:46","slug":"unidad-de-pared-bolivia","status":"publish","type":"product","link":"https:\/\/celmomobilya.com\/es\/producto\/unidad-de-pared-bolivia\/","title":{"rendered":"Unidad de Pared Bolivia"},"content":{"rendered":"<p>La Unidad de Pared Bolivia aporta un toque elegante a sus espacios de vida con su dise\u00f1o moderno y refinado. Fabricada con materiales de alta calidad, esta unidad ofrece amplios espacios de almacenamiento y estanter\u00edas organizadas que le permiten guardar c\u00f3modamente todo tipo de dispositivos electr\u00f3nicos y objetos decorativos. Sus l\u00edneas elegantes y opciones de colores sobrios permiten que la Unidad de Pared Bolivia se adapte perfectamente a cualquier estilo de interior, creando una atm\u00f3sfera sofisticada en su estancia. Ofreciendo un equilibrio perfecto entre est\u00e9tica y funcionalidad, esta unidad aporta tanto estilo como orden a su espacio vital. Si busca una soluci\u00f3n excelente tanto visual como pr\u00e1ctica, la Unidad de Pared Bolivia es una opci\u00f3n ideal.<\/p>\n<table>\n<tbody>\n<tr>\n<th><\/th>\n<th>Anchura<\/th>\n<th>Profundidad<\/th>\n<th>Altura<\/th>\n<\/tr>\n<tr>\n<td>Unidad de Pared Bolivia<\/td>\n<td>224 cm<\/td>\n<td>52 cm<\/td>\n<td>56 cm<\/td>\n<\/tr>\n<tr>\n<td>Mesita de Centro Bolivia<\/td>\n<td>90 cm<\/td>\n<td>90 cm<\/td>\n<td>35 cm<\/td>\n<\/tr>\n<tr>\n<td>Mesita Auxiliar Bolivia<\/td>\n<td>50 cm<\/td>\n<td>50 cm<\/td>\n<td>45 cm<\/td>\n<\/tr>\n<\/tbody>\n<\/table>\n","protected":false},"excerpt":{"rendered":"<p>La Unidad de Pared Bolivia aporta un toque elegante a sus espacios de vida con su dise\u00f1o moderno y refinado.<\/p>\n","protected":false},"featured_media":24039,"template":"","meta":[],"product_brand":[],"product_cat":[99],"product_tag":[],"class_list":{"0":"post-24026","1":"product","2":"type-product","3":"status-publish","4":"has-post-thumbnail","6":"product_cat-unidades-de-tv","8":"first","9":"instock","10":"shipping-taxable","11":"product-type-simple"},"yoast_head":"<!-- This site is optimized with the Yoast SEO Premium plugin v21.3 (Yoast SEO v27.3) - https:\/\/yoast.com\/product\/yoast-seo-premium-wordpress\/ -->\n<title>Unidad de Pared Bolivia - \u00c7elmo Mobilya<\/title>\n<meta name=\"robots\" content=\"index, follow, max-snippet:-1, max-image-preview:large, max-video-preview:-1\" \/>\n<link rel=\"canonical\" href=\"https:\/\/celmomobilya.com\/es\/producto\/unidad-de-pared-bolivia\/\" \/>\n<meta property=\"og:locale\" content=\"es_ES\" \/>\n<meta property=\"og:type\" content=\"article\" \/>\n<meta property=\"og:title\" content=\"Unidad de Pared Bolivia - \u00c7elmo Mobilya\" \/>\n<meta property=\"og:description\" content=\"La Unidad de Pared Bolivia aporta un toque elegante a sus espacios de vida con su dise\u00f1o moderno y refinado.\" \/>\n<meta property=\"og:url\" content=\"https:\/\/celmomobilya.com\/es\/producto\/unidad-de-pared-bolivia\/\" \/>\n<meta property=\"og:site_name\" content=\"\u00c7elmo Mobilya\" \/>\n<meta property=\"article:publisher\" content=\"https:\/\/www.facebook.com\/celmohome\" \/>\n<meta property=\"og:image\" content=\"https:\/\/celmomobilya.com\/wp-content\/uploads\/2025\/03\/urun-bolivya-duvar-11.jpg\" \/>\n\t<meta property=\"og:image:width\" content=\"1600\" \/>\n\t<meta property=\"og:image:height\" content=\"1200\" \/>\n\t<meta property=\"og:image:type\" content=\"image\/jpeg\" \/>\n<meta name=\"twitter:card\" content=\"summary_large_image\" \/>\n<meta name=\"twitter:label1\" content=\"Tiempo de lectura\" \/>\n\t<meta name=\"twitter:data1\" content=\"1 minuto\" \/>\n<script type=\"application\/ld+json\" class=\"yoast-schema-graph\">{\"@context\":\"https:\\\/\\\/schema.org\",\"@graph\":[{\"@type\":\"WebPage\",\"@id\":\"https:\\\/\\\/celmomobilya.com\\\/es\\\/producto\\\/unidad-de-pared-bolivia\\\/\",\"url\":\"https:\\\/\\\/celmomobilya.com\\\/es\\\/producto\\\/unidad-de-pared-bolivia\\\/\",\"name\":\"Unidad de Pared Bolivia - \u00c7elmo Mobilya\",\"isPartOf\":{\"@id\":\"https:\\\/\\\/celmomobilya.com\\\/es\\\/#website\"},\"primaryImageOfPage\":{\"@id\":\"https:\\\/\\\/celmomobilya.com\\\/es\\\/producto\\\/unidad-de-pared-bolivia\\\/#primaryimage\"},\"image\":{\"@id\":\"https:\\\/\\\/celmomobilya.com\\\/es\\\/producto\\\/unidad-de-pared-bolivia\\\/#primaryimage\"},\"thumbnailUrl\":\"https:\\\/\\\/celmomobilya.com\\\/wp-content\\\/uploads\\\/2025\\\/03\\\/urun-bolivya-duvar-11.jpg\",\"datePublished\":\"2025-03-05T21:05:46+00:00\",\"breadcrumb\":{\"@id\":\"https:\\\/\\\/celmomobilya.com\\\/es\\\/producto\\\/unidad-de-pared-bolivia\\\/#breadcrumb\"},\"inLanguage\":\"es\",\"potentialAction\":[{\"@type\":\"ReadAction\",\"target\":[\"https:\\\/\\\/celmomobilya.com\\\/es\\\/producto\\\/unidad-de-pared-bolivia\\\/\"]}]},{\"@type\":\"ImageObject\",\"inLanguage\":\"es\",\"@id\":\"https:\\\/\\\/celmomobilya.com\\\/es\\\/producto\\\/unidad-de-pared-bolivia\\\/#primaryimage\",\"url\":\"https:\\\/\\\/celmomobilya.com\\\/wp-content\\\/uploads\\\/2025\\\/03\\\/urun-bolivya-duvar-11.jpg\",\"contentUrl\":\"https:\\\/\\\/celmomobilya.com\\\/wp-content\\\/uploads\\\/2025\\\/03\\\/urun-bolivya-duvar-11.jpg\",\"width\":1600,\"height\":1200},{\"@type\":\"BreadcrumbList\",\"@id\":\"https:\\\/\\\/celmomobilya.com\\\/es\\\/producto\\\/unidad-de-pared-bolivia\\\/#breadcrumb\",\"itemListElement\":[{\"@type\":\"ListItem\",\"position\":1,\"name\":\"Productos\",\"item\":\"https:\\\/\\\/celmomobilya.com\\\/es\\\/shop\\\/\"},{\"@type\":\"ListItem\",\"position\":2,\"name\":\"Unidad de Pared Bolivia\"}]},{\"@type\":\"WebSite\",\"@id\":\"https:\\\/\\\/celmomobilya.com\\\/es\\\/#website\",\"url\":\"https:\\\/\\\/celmomobilya.com\\\/es\\\/\",\"name\":\"\u00c7elmo Mobilya\",\"description\":\"Modern ve Luxury Ev Mobilyalar\u0131\",\"potentialAction\":[{\"@type\":\"SearchAction\",\"target\":{\"@type\":\"EntryPoint\",\"urlTemplate\":\"https:\\\/\\\/celmomobilya.com\\\/es\\\/?s={search_term_string}\"},\"query-input\":{\"@type\":\"PropertyValueSpecification\",\"valueRequired\":true,\"valueName\":\"search_term_string\"}}],\"inLanguage\":\"es\"}]}<\/script>\n<!-- \/ Yoast SEO Premium plugin. -->","yoast_head_json":{"title":"Unidad de Pared Bolivia - \u00c7elmo Mobilya","robots":{"index":"index","follow":"follow","max-snippet":"max-snippet:-1","max-image-preview":"max-image-preview:large","max-video-preview":"max-video-preview:-1"},"canonical":"https:\/\/celmomobilya.com\/es\/producto\/unidad-de-pared-bolivia\/","og_locale":"es_ES","og_type":"article","og_title":"Unidad de Pared Bolivia - \u00c7elmo Mobilya","og_description":"La Unidad de Pared Bolivia aporta un toque elegante a sus espacios de vida con su dise\u00f1o moderno y refinado.","og_url":"https:\/\/celmomobilya.com\/es\/producto\/unidad-de-pared-bolivia\/","og_site_name":"\u00c7elmo Mobilya","article_publisher":"https:\/\/www.facebook.com\/celmohome","og_image":[{"width":1600,"height":1200,"url":"https:\/\/celmomobilya.com\/wp-content\/uploads\/2025\/03\/urun-bolivya-duvar-11.jpg","type":"image\/jpeg"}],"twitter_card":"summary_large_image","twitter_misc":{"Tiempo de lectura":"1 minuto"},"schema":{"@context":"https:\/\/schema.org","@graph":[{"@type":"WebPage","@id":"https:\/\/celmomobilya.com\/es\/producto\/unidad-de-pared-bolivia\/","url":"https:\/\/celmomobilya.com\/es\/producto\/unidad-de-pared-bolivia\/","name":"Unidad de Pared Bolivia - \u00c7elmo Mobilya","isPartOf":{"@id":"https:\/\/celmomobilya.com\/es\/#website"},"primaryImageOfPage":{"@id":"https:\/\/celmomobilya.com\/es\/producto\/unidad-de-pared-bolivia\/#primaryimage"},"image":{"@id":"https:\/\/celmomobilya.com\/es\/producto\/unidad-de-pared-bolivia\/#primaryimage"},"thumbnailUrl":"https:\/\/celmomobilya.com\/wp-content\/uploads\/2025\/03\/urun-bolivya-duvar-11.jpg","datePublished":"2025-03-05T21:05:46+00:00","breadcrumb":{"@id":"https:\/\/celmomobilya.com\/es\/producto\/unidad-de-pared-bolivia\/#breadcrumb"},"inLanguage":"es","potentialAction":[{"@type":"ReadAction","target":["https:\/\/celmomobilya.com\/es\/producto\/unidad-de-pared-bolivia\/"]}]},{"@type":"ImageObject","inLanguage":"es","@id":"https:\/\/celmomobilya.com\/es\/producto\/unidad-de-pared-bolivia\/#primaryimage","url":"https:\/\/celmomobilya.com\/wp-content\/uploads\/2025\/03\/urun-bolivya-duvar-11.jpg","contentUrl":"https:\/\/celmomobilya.com\/wp-content\/uploads\/2025\/03\/urun-bolivya-duvar-11.jpg","width":1600,"height":1200},{"@type":"BreadcrumbList","@id":"https:\/\/celmomobilya.com\/es\/producto\/unidad-de-pared-bolivia\/#breadcrumb","itemListElement":[{"@type":"ListItem","position":1,"name":"Productos","item":"https:\/\/celmomobilya.com\/es\/shop\/"},{"@type":"ListItem","position":2,"name":"Unidad de Pared Bolivia"}]},{"@type":"WebSite","@id":"https:\/\/celmomobilya.com\/es\/#website","url":"https:\/\/celmomobilya.com\/es\/","name":"\u00c7elmo Mobilya","description":"Modern ve Luxury Ev Mobilyalar\u0131","potentialAction":[{"@type":"SearchAction","target":{"@type":"EntryPoint","urlTemplate":"https:\/\/celmomobilya.com\/es\/?s={search_term_string}"},"query-input":{"@type":"PropertyValueSpecification","valueRequired":true,"valueName":"search_term_string"}}],"inLanguage":"es"}]}},"_links":{"self":[{"href":"https:\/\/celmomobilya.com\/es\/wp-json\/wp\/v2\/product\/24026","targetHints":{"allow":["GET"]}}],"collection":[{"href":"https:\/\/celmomobilya.com\/es\/wp-json\/wp\/v2\/product"}],"about":[{"href":"https:\/\/celmomobilya.com\/es\/wp-json\/wp\/v2\/types\/product"}],"wp:featuredmedia":[{"embeddable":true,"href":"https:\/\/celmomobilya.com\/es\/wp-json\/wp\/v2\/media\/24039"}],"wp:attachment":[{"href":"https:\/\/celmomobilya.com\/es\/wp-json\/wp\/v2\/media?parent=24026"}],"wp:term":[{"taxonomy":"product_brand","embeddable":true,"href":"https:\/\/celmomobilya.com\/es\/wp-json\/wp\/v2\/product_brand?post=24026"},{"taxonomy":"product_cat","embeddable":true,"href":"https:\/\/celmomobilya.com\/es\/wp-json\/wp\/v2\/product_cat?post=24026"},{"taxonomy":"product_tag","embeddable":true,"href":"https:\/\/celmomobilya.com\/es\/wp-json\/wp\/v2\/product_tag?post=24026"}],"curies":[{"name":"wp","href":"https:\/\/api.w.org\/{rel}","templated":true}]}}