{"id":23861,"date":"2025-03-06T00:08:48","date_gmt":"2025-03-05T21:08:48","guid":{"rendered":"https:\/\/celmomobilya.com\/urun\/conjunto-de-sofas-bolivia\/"},"modified":"2025-04-19T23:23:22","modified_gmt":"2025-04-19T20:23:22","slug":"conjunto-de-sofas-bolivia","status":"publish","type":"product","link":"https:\/\/celmomobilya.com\/es\/producto\/conjunto-de-sofas-bolivia\/","title":{"rendered":"Conjunto de Sof\u00e1s Bolivia"},"content":{"rendered":"<div class=\"wpb-content-wrapper\"><p>El Conjunto de Sof\u00e1s Bolivia aporta un aire sofisticado a sus espacios de estar con su dise\u00f1o elegante y detalles modernos. Fabricado con telas de alta calidad y materiales resistentes, este conjunto ofrece una larga vida \u00fatil y se adapta perfectamente a cualquier tipo de interior. Su estructura de asiento confortable y su dise\u00f1o ergon\u00f3mico garantizan comodidad incluso durante largos periodos de uso. Con su amplio espacio de asiento y l\u00edneas elegantes, a\u00f1ade un toque moderno a su sal\u00f3n, mientras que sus refinadas opciones de color crean una atm\u00f3sfera est\u00e9tica en el espacio. El Conjunto de Sof\u00e1s Bolivia combina elegancia y confort, convirti\u00e9ndose en una opci\u00f3n perfecta tanto funcional como visualmente. Es la elecci\u00f3n ideal para quienes buscan una experiencia de asiento moderna y confortable.<\/p>\n<p>[vc_row][vc_column][vc_column_text woodmart_inline=\u00bbno\u00bb text_larger=\u00bbno\u00bb]<\/p>\n<table>\n<tbody>\n<tr>\n<th><\/th>\n<th>Anchura<\/th>\n<th>Profundidad<\/th>\n<th>Altura<\/th>\n<\/tr>\n<tr>\n<td>Sof\u00e1 Triple Bolivia<\/td>\n<td>253 cm<\/td>\n<td>105 cm<\/td>\n<td>73 cm<\/td>\n<\/tr>\n<tr>\n<td>Sof\u00e1 Cu\u00e1druple Bolivia<\/td>\n<td>297 cm<\/td>\n<td>105 cm<\/td>\n<td>73 cm<\/td>\n<\/tr>\n<tr>\n<td>Sill\u00f3n Bolivia<\/td>\n<td>94 cm<\/td>\n<td>87 cm<\/td>\n<td>78 cm<\/td>\n<\/tr>\n<tr>\n<td>Mesita de Centro Bolivia<\/td>\n<td>90 cm<\/td>\n<td>90 cm<\/td>\n<td>35 cm<\/td>\n<\/tr>\n<tr>\n<td>Mesita Auxiliar Bolivia<\/td>\n<td>50 cm<\/td>\n<td>50 cm<\/td>\n<td>45 cm<\/td>\n<\/tr>\n<\/tbody>\n<\/table>\n<p>[\/vc_column_text][\/vc_column][\/vc_row]<\/p>\n<\/div>","protected":false},"excerpt":{"rendered":"<p>El Conjunto de Sof\u00e1s Bolivia aporta un aire sofisticado a sus espacios de estar con su dise\u00f1o elegante y detalles<\/p>\n","protected":false},"featured_media":23908,"template":"","meta":[],"product_brand":[],"product_cat":[97],"product_tag":[],"class_list":{"0":"post-23861","1":"product","2":"type-product","3":"status-publish","4":"has-post-thumbnail","6":"product_cat-conjuntos-de-sofas","8":"first","9":"instock","10":"shipping-taxable","11":"product-type-simple"},"yoast_head":"<!-- This site is optimized with the Yoast SEO Premium plugin v21.3 (Yoast SEO v27.3) - https:\/\/yoast.com\/product\/yoast-seo-premium-wordpress\/ -->\n<title>Conjunto de Sof\u00e1s Bolivia - \u00c7elmo Mobilya<\/title>\n<meta name=\"robots\" content=\"index, follow, max-snippet:-1, max-image-preview:large, max-video-preview:-1\" \/>\n<link rel=\"canonical\" href=\"https:\/\/celmomobilya.com\/es\/producto\/conjunto-de-sofas-bolivia\/\" \/>\n<meta property=\"og:locale\" content=\"es_ES\" \/>\n<meta property=\"og:type\" content=\"article\" \/>\n<meta property=\"og:title\" content=\"Conjunto de Sof\u00e1s Bolivia - \u00c7elmo Mobilya\" \/>\n<meta property=\"og:description\" content=\"El Conjunto de Sof\u00e1s Bolivia aporta un aire sofisticado a sus espacios de estar con su dise\u00f1o elegante y detalles\" \/>\n<meta property=\"og:url\" content=\"https:\/\/celmomobilya.com\/es\/producto\/conjunto-de-sofas-bolivia\/\" \/>\n<meta property=\"og:site_name\" content=\"\u00c7elmo Mobilya\" \/>\n<meta property=\"article:publisher\" content=\"https:\/\/www.facebook.com\/celmohome\" \/>\n<meta property=\"article:modified_time\" content=\"2025-04-19T20:23:22+00:00\" \/>\n<meta property=\"og:image\" content=\"https:\/\/celmomobilya.com\/wp-content\/uploads\/2025\/03\/urun-bolivya-koltuk-1.jpg\" \/>\n\t<meta property=\"og:image:width\" content=\"1600\" \/>\n\t<meta property=\"og:image:height\" content=\"1200\" \/>\n\t<meta property=\"og:image:type\" content=\"image\/jpeg\" \/>\n<meta name=\"twitter:card\" content=\"summary_large_image\" \/>\n<meta name=\"twitter:label1\" content=\"Tiempo de lectura\" \/>\n\t<meta name=\"twitter:data1\" content=\"1 minuto\" \/>\n<script type=\"application\/ld+json\" class=\"yoast-schema-graph\">{\"@context\":\"https:\\\/\\\/schema.org\",\"@graph\":[{\"@type\":\"WebPage\",\"@id\":\"https:\\\/\\\/celmomobilya.com\\\/es\\\/producto\\\/conjunto-de-sofas-bolivia\\\/\",\"url\":\"https:\\\/\\\/celmomobilya.com\\\/es\\\/producto\\\/conjunto-de-sofas-bolivia\\\/\",\"name\":\"Conjunto de Sof\u00e1s Bolivia - \u00c7elmo Mobilya\",\"isPartOf\":{\"@id\":\"https:\\\/\\\/celmomobilya.com\\\/es\\\/#website\"},\"primaryImageOfPage\":{\"@id\":\"https:\\\/\\\/celmomobilya.com\\\/es\\\/producto\\\/conjunto-de-sofas-bolivia\\\/#primaryimage\"},\"image\":{\"@id\":\"https:\\\/\\\/celmomobilya.com\\\/es\\\/producto\\\/conjunto-de-sofas-bolivia\\\/#primaryimage\"},\"thumbnailUrl\":\"https:\\\/\\\/celmomobilya.com\\\/wp-content\\\/uploads\\\/2025\\\/03\\\/urun-bolivya-koltuk-1.jpg\",\"datePublished\":\"2025-03-05T21:08:48+00:00\",\"dateModified\":\"2025-04-19T20:23:22+00:00\",\"breadcrumb\":{\"@id\":\"https:\\\/\\\/celmomobilya.com\\\/es\\\/producto\\\/conjunto-de-sofas-bolivia\\\/#breadcrumb\"},\"inLanguage\":\"es\",\"potentialAction\":[{\"@type\":\"ReadAction\",\"target\":[\"https:\\\/\\\/celmomobilya.com\\\/es\\\/producto\\\/conjunto-de-sofas-bolivia\\\/\"]}]},{\"@type\":\"ImageObject\",\"inLanguage\":\"es\",\"@id\":\"https:\\\/\\\/celmomobilya.com\\\/es\\\/producto\\\/conjunto-de-sofas-bolivia\\\/#primaryimage\",\"url\":\"https:\\\/\\\/celmomobilya.com\\\/wp-content\\\/uploads\\\/2025\\\/03\\\/urun-bolivya-koltuk-1.jpg\",\"contentUrl\":\"https:\\\/\\\/celmomobilya.com\\\/wp-content\\\/uploads\\\/2025\\\/03\\\/urun-bolivya-koltuk-1.jpg\",\"width\":1600,\"height\":1200},{\"@type\":\"BreadcrumbList\",\"@id\":\"https:\\\/\\\/celmomobilya.com\\\/es\\\/producto\\\/conjunto-de-sofas-bolivia\\\/#breadcrumb\",\"itemListElement\":[{\"@type\":\"ListItem\",\"position\":1,\"name\":\"Productos\",\"item\":\"https:\\\/\\\/celmomobilya.com\\\/es\\\/shop\\\/\"},{\"@type\":\"ListItem\",\"position\":2,\"name\":\"Conjunto de Sof\u00e1s Bolivia\"}]},{\"@type\":\"WebSite\",\"@id\":\"https:\\\/\\\/celmomobilya.com\\\/es\\\/#website\",\"url\":\"https:\\\/\\\/celmomobilya.com\\\/es\\\/\",\"name\":\"\u00c7elmo Mobilya\",\"description\":\"Modern ve Luxury Ev Mobilyalar\u0131\",\"potentialAction\":[{\"@type\":\"SearchAction\",\"target\":{\"@type\":\"EntryPoint\",\"urlTemplate\":\"https:\\\/\\\/celmomobilya.com\\\/es\\\/?s={search_term_string}\"},\"query-input\":{\"@type\":\"PropertyValueSpecification\",\"valueRequired\":true,\"valueName\":\"search_term_string\"}}],\"inLanguage\":\"es\"}]}<\/script>\n<!-- \/ Yoast SEO Premium plugin. -->","yoast_head_json":{"title":"Conjunto de Sof\u00e1s Bolivia - \u00c7elmo Mobilya","robots":{"index":"index","follow":"follow","max-snippet":"max-snippet:-1","max-image-preview":"max-image-preview:large","max-video-preview":"max-video-preview:-1"},"canonical":"https:\/\/celmomobilya.com\/es\/producto\/conjunto-de-sofas-bolivia\/","og_locale":"es_ES","og_type":"article","og_title":"Conjunto de Sof\u00e1s Bolivia - \u00c7elmo Mobilya","og_description":"El Conjunto de Sof\u00e1s Bolivia aporta un aire sofisticado a sus espacios de estar con su dise\u00f1o elegante y detalles","og_url":"https:\/\/celmomobilya.com\/es\/producto\/conjunto-de-sofas-bolivia\/","og_site_name":"\u00c7elmo Mobilya","article_publisher":"https:\/\/www.facebook.com\/celmohome","article_modified_time":"2025-04-19T20:23:22+00:00","og_image":[{"width":1600,"height":1200,"url":"https:\/\/celmomobilya.com\/wp-content\/uploads\/2025\/03\/urun-bolivya-koltuk-1.jpg","type":"image\/jpeg"}],"twitter_card":"summary_large_image","twitter_misc":{"Tiempo de lectura":"1 minuto"},"schema":{"@context":"https:\/\/schema.org","@graph":[{"@type":"WebPage","@id":"https:\/\/celmomobilya.com\/es\/producto\/conjunto-de-sofas-bolivia\/","url":"https:\/\/celmomobilya.com\/es\/producto\/conjunto-de-sofas-bolivia\/","name":"Conjunto de Sof\u00e1s Bolivia - \u00c7elmo Mobilya","isPartOf":{"@id":"https:\/\/celmomobilya.com\/es\/#website"},"primaryImageOfPage":{"@id":"https:\/\/celmomobilya.com\/es\/producto\/conjunto-de-sofas-bolivia\/#primaryimage"},"image":{"@id":"https:\/\/celmomobilya.com\/es\/producto\/conjunto-de-sofas-bolivia\/#primaryimage"},"thumbnailUrl":"https:\/\/celmomobilya.com\/wp-content\/uploads\/2025\/03\/urun-bolivya-koltuk-1.jpg","datePublished":"2025-03-05T21:08:48+00:00","dateModified":"2025-04-19T20:23:22+00:00","breadcrumb":{"@id":"https:\/\/celmomobilya.com\/es\/producto\/conjunto-de-sofas-bolivia\/#breadcrumb"},"inLanguage":"es","potentialAction":[{"@type":"ReadAction","target":["https:\/\/celmomobilya.com\/es\/producto\/conjunto-de-sofas-bolivia\/"]}]},{"@type":"ImageObject","inLanguage":"es","@id":"https:\/\/celmomobilya.com\/es\/producto\/conjunto-de-sofas-bolivia\/#primaryimage","url":"https:\/\/celmomobilya.com\/wp-content\/uploads\/2025\/03\/urun-bolivya-koltuk-1.jpg","contentUrl":"https:\/\/celmomobilya.com\/wp-content\/uploads\/2025\/03\/urun-bolivya-koltuk-1.jpg","width":1600,"height":1200},{"@type":"BreadcrumbList","@id":"https:\/\/celmomobilya.com\/es\/producto\/conjunto-de-sofas-bolivia\/#breadcrumb","itemListElement":[{"@type":"ListItem","position":1,"name":"Productos","item":"https:\/\/celmomobilya.com\/es\/shop\/"},{"@type":"ListItem","position":2,"name":"Conjunto de Sof\u00e1s Bolivia"}]},{"@type":"WebSite","@id":"https:\/\/celmomobilya.com\/es\/#website","url":"https:\/\/celmomobilya.com\/es\/","name":"\u00c7elmo Mobilya","description":"Modern ve Luxury Ev Mobilyalar\u0131","potentialAction":[{"@type":"SearchAction","target":{"@type":"EntryPoint","urlTemplate":"https:\/\/celmomobilya.com\/es\/?s={search_term_string}"},"query-input":{"@type":"PropertyValueSpecification","valueRequired":true,"valueName":"search_term_string"}}],"inLanguage":"es"}]}},"_links":{"self":[{"href":"https:\/\/celmomobilya.com\/es\/wp-json\/wp\/v2\/product\/23861","targetHints":{"allow":["GET"]}}],"collection":[{"href":"https:\/\/celmomobilya.com\/es\/wp-json\/wp\/v2\/product"}],"about":[{"href":"https:\/\/celmomobilya.com\/es\/wp-json\/wp\/v2\/types\/product"}],"wp:featuredmedia":[{"embeddable":true,"href":"https:\/\/celmomobilya.com\/es\/wp-json\/wp\/v2\/media\/23908"}],"wp:attachment":[{"href":"https:\/\/celmomobilya.com\/es\/wp-json\/wp\/v2\/media?parent=23861"}],"wp:term":[{"taxonomy":"product_brand","embeddable":true,"href":"https:\/\/celmomobilya.com\/es\/wp-json\/wp\/v2\/product_brand?post=23861"},{"taxonomy":"product_cat","embeddable":true,"href":"https:\/\/celmomobilya.com\/es\/wp-json\/wp\/v2\/product_cat?post=23861"},{"taxonomy":"product_tag","embeddable":true,"href":"https:\/\/celmomobilya.com\/es\/wp-json\/wp\/v2\/product_tag?post=23861"}],"curies":[{"name":"wp","href":"https:\/\/api.w.org\/{rel}","templated":true}]}}