{"id":23264,"date":"2025-03-06T00:54:42","date_gmt":"2025-03-05T21:54:42","guid":{"rendered":"https:\/\/celmomobilya.com\/urun\/conjunto-de-dormitorio-viola\/"},"modified":"2025-11-10T00:21:25","modified_gmt":"2025-11-09T21:21:25","slug":"conjunto-de-dormitorio-viola","status":"publish","type":"product","link":"https:\/\/celmomobilya.com\/es\/producto\/conjunto-de-dormitorio-viola\/","title":{"rendered":"Conjunto de Dormitorio Viola"},"content":{"rendered":"<div class=\"wpb-content-wrapper\"><p>[vc_row][vc_column][vc_column_text]<\/p>\n<p>El Conjunto de Dormitorio Viola aporta un toque sofisticado a su dormitorio con su dise\u00f1o elegante y moderno. Dise\u00f1ado con l\u00edneas est\u00e9ticas y detalles refinados, este conjunto no solo crea un ambiente c\u00f3modo para el descanso, sino que tambi\u00e9n decora su habitaci\u00f3n con gran elegancia. Fabricado con materiales de alta calidad, el Conjunto de Dormitorio Viola mantiene su estilo y durabilidad durante muchos a\u00f1os. Ofrece un uso pr\u00e1ctico gracias a sus unidades de almacenamiento como el amplio armario, la c\u00f3moda y las mesitas de noche. El elegante cabecero y la c\u00f3moda cama del conjunto crean un entorno perfecto para un sue\u00f1o reparador cada noche. Con diferentes opciones de colores y texturas, combina funcionalidad y estilo, adapt\u00e1ndose al dise\u00f1o de su dormitorio. El Conjunto de Dormitorio Viola es la elecci\u00f3n ideal para quienes buscan tanto confort como est\u00e9tica.<\/p>\n<p>[\/vc_column_text][\/vc_column][\/vc_row][vc_row][vc_column][vc_column_text woodmart_inline=\u00bbno\u00bb text_larger=\u00bbno\u00bb]<\/p>\n<table>\n<tbody>\n<tr>\n<th>Producto<\/th>\n<th>Ancho<\/th>\n<th>Profundidad<\/th>\n<th>Altura<\/th>\n<\/tr>\n<tr>\n<td>Armario Viola de Cuatro Puertas<\/td>\n<td>180 cm<\/td>\n<td>64 cm<\/td>\n<td>230 cm<\/td>\n<\/tr>\n<tr>\n<td>Tocador Viola<\/td>\n<td>150 cm<\/td>\n<td>47 cm<\/td>\n<td>170 cm<\/td>\n<\/tr>\n<tr>\n<td>Cama Viola<\/td>\n<td>250 cm<\/td>\n<td>225 cm<\/td>\n<td>125 cm<\/td>\n<\/tr>\n<tr>\n<td>Mesita de Noche Viola<\/td>\n<td>65 cm<\/td>\n<td>45 cm<\/td>\n<td>41 cm<\/td>\n<\/tr>\n<tr>\n<td>Isla Viola<\/td>\n<td>100 cm<\/td>\n<td>90 cm<\/td>\n<td>87 cm<\/td>\n<\/tr>\n<tr>\n<td>Armario de Ropa Viola<\/td>\n<td>70 cm<\/td>\n<td>44 cm<\/td>\n<td>87 cm<\/td>\n<\/tr>\n<tr>\n<td>Armario Viola de Una Puerta<\/td>\n<td>50 cm<\/td>\n<td>62 cm<\/td>\n<td>220 cm<\/td>\n<\/tr>\n<tr>\n<td>Armario Viola de Dos Puertas<\/td>\n<td>100 cm<\/td>\n<td>62 cm<\/td>\n<td>220 cm<\/td>\n<\/tr>\n<tr>\n<td>M\u00f3dulo de Esquina Viola<\/td>\n<td>92 cm<\/td>\n<td>92 cm<\/td>\n<td>220 cm<\/td>\n<\/tr>\n<\/tbody>\n<\/table>\n<p>[\/vc_column_text][\/vc_column][\/vc_row]<\/p>\n<\/div>","protected":false},"excerpt":{"rendered":"<p>[vc_row][vc_column][vc_column_text] El Conjunto de Dormitorio Viola aporta un toque sofisticado a su dormitorio con su dise\u00f1o elegante y moderno. Dise\u00f1ado<\/p>\n","protected":false},"featured_media":23341,"template":"","meta":[],"product_brand":[],"product_cat":[100],"product_tag":[],"class_list":{"0":"post-23264","1":"product","2":"type-product","3":"status-publish","4":"has-post-thumbnail","6":"product_cat-conjuntos-de-dormitorio","8":"first","9":"instock","10":"shipping-taxable","11":"product-type-simple"},"yoast_head":"<!-- This site is optimized with the Yoast SEO Premium plugin v21.3 (Yoast SEO v27.3) - https:\/\/yoast.com\/product\/yoast-seo-premium-wordpress\/ -->\n<title>Conjunto de Dormitorio Viola - \u00c7elmo Mobilya<\/title>\n<meta name=\"robots\" content=\"index, follow, max-snippet:-1, max-image-preview:large, max-video-preview:-1\" \/>\n<link rel=\"canonical\" href=\"https:\/\/celmomobilya.com\/es\/producto\/conjunto-de-dormitorio-viola\/\" \/>\n<meta property=\"og:locale\" content=\"es_ES\" \/>\n<meta property=\"og:type\" content=\"article\" \/>\n<meta property=\"og:title\" content=\"Conjunto de Dormitorio Viola - \u00c7elmo Mobilya\" \/>\n<meta property=\"og:description\" content=\"[vc_row][vc_column][vc_column_text] El Conjunto de Dormitorio Viola aporta un toque sofisticado a su dormitorio con su dise\u00f1o elegante y moderno. Dise\u00f1ado\" \/>\n<meta property=\"og:url\" content=\"https:\/\/celmomobilya.com\/es\/producto\/conjunto-de-dormitorio-viola\/\" \/>\n<meta property=\"og:site_name\" content=\"\u00c7elmo Mobilya\" \/>\n<meta property=\"article:publisher\" content=\"https:\/\/www.facebook.com\/celmohome\" \/>\n<meta property=\"article:modified_time\" content=\"2025-11-09T21:21:25+00:00\" \/>\n<meta property=\"og:image\" content=\"https:\/\/celmomobilya.com\/wp-content\/uploads\/2025\/03\/urun-viola-yatak-1.jpg\" \/>\n\t<meta property=\"og:image:width\" content=\"1704\" \/>\n\t<meta property=\"og:image:height\" content=\"1200\" \/>\n\t<meta property=\"og:image:type\" content=\"image\/jpeg\" \/>\n<meta name=\"twitter:card\" content=\"summary_large_image\" \/>\n<meta name=\"twitter:label1\" content=\"Tiempo de lectura\" \/>\n\t<meta name=\"twitter:data1\" content=\"2 minutos\" \/>\n<script type=\"application\/ld+json\" class=\"yoast-schema-graph\">{\"@context\":\"https:\\\/\\\/schema.org\",\"@graph\":[{\"@type\":\"WebPage\",\"@id\":\"https:\\\/\\\/celmomobilya.com\\\/es\\\/producto\\\/conjunto-de-dormitorio-viola\\\/\",\"url\":\"https:\\\/\\\/celmomobilya.com\\\/es\\\/producto\\\/conjunto-de-dormitorio-viola\\\/\",\"name\":\"Conjunto de Dormitorio Viola - \u00c7elmo Mobilya\",\"isPartOf\":{\"@id\":\"https:\\\/\\\/celmomobilya.com\\\/es\\\/#website\"},\"primaryImageOfPage\":{\"@id\":\"https:\\\/\\\/celmomobilya.com\\\/es\\\/producto\\\/conjunto-de-dormitorio-viola\\\/#primaryimage\"},\"image\":{\"@id\":\"https:\\\/\\\/celmomobilya.com\\\/es\\\/producto\\\/conjunto-de-dormitorio-viola\\\/#primaryimage\"},\"thumbnailUrl\":\"https:\\\/\\\/celmomobilya.com\\\/wp-content\\\/uploads\\\/2025\\\/03\\\/urun-viola-yatak-1.jpg\",\"datePublished\":\"2025-03-05T21:54:42+00:00\",\"dateModified\":\"2025-11-09T21:21:25+00:00\",\"breadcrumb\":{\"@id\":\"https:\\\/\\\/celmomobilya.com\\\/es\\\/producto\\\/conjunto-de-dormitorio-viola\\\/#breadcrumb\"},\"inLanguage\":\"es\",\"potentialAction\":[{\"@type\":\"ReadAction\",\"target\":[\"https:\\\/\\\/celmomobilya.com\\\/es\\\/producto\\\/conjunto-de-dormitorio-viola\\\/\"]}]},{\"@type\":\"ImageObject\",\"inLanguage\":\"es\",\"@id\":\"https:\\\/\\\/celmomobilya.com\\\/es\\\/producto\\\/conjunto-de-dormitorio-viola\\\/#primaryimage\",\"url\":\"https:\\\/\\\/celmomobilya.com\\\/wp-content\\\/uploads\\\/2025\\\/03\\\/urun-viola-yatak-1.jpg\",\"contentUrl\":\"https:\\\/\\\/celmomobilya.com\\\/wp-content\\\/uploads\\\/2025\\\/03\\\/urun-viola-yatak-1.jpg\",\"width\":1704,\"height\":1200},{\"@type\":\"BreadcrumbList\",\"@id\":\"https:\\\/\\\/celmomobilya.com\\\/es\\\/producto\\\/conjunto-de-dormitorio-viola\\\/#breadcrumb\",\"itemListElement\":[{\"@type\":\"ListItem\",\"position\":1,\"name\":\"Productos\",\"item\":\"https:\\\/\\\/celmomobilya.com\\\/es\\\/shop\\\/\"},{\"@type\":\"ListItem\",\"position\":2,\"name\":\"Conjunto de Dormitorio Viola\"}]},{\"@type\":\"WebSite\",\"@id\":\"https:\\\/\\\/celmomobilya.com\\\/es\\\/#website\",\"url\":\"https:\\\/\\\/celmomobilya.com\\\/es\\\/\",\"name\":\"\u00c7elmo Mobilya\",\"description\":\"Modern ve Luxury Ev Mobilyalar\u0131\",\"potentialAction\":[{\"@type\":\"SearchAction\",\"target\":{\"@type\":\"EntryPoint\",\"urlTemplate\":\"https:\\\/\\\/celmomobilya.com\\\/es\\\/?s={search_term_string}\"},\"query-input\":{\"@type\":\"PropertyValueSpecification\",\"valueRequired\":true,\"valueName\":\"search_term_string\"}}],\"inLanguage\":\"es\"}]}<\/script>\n<!-- \/ Yoast SEO Premium plugin. -->","yoast_head_json":{"title":"Conjunto de Dormitorio Viola - \u00c7elmo Mobilya","robots":{"index":"index","follow":"follow","max-snippet":"max-snippet:-1","max-image-preview":"max-image-preview:large","max-video-preview":"max-video-preview:-1"},"canonical":"https:\/\/celmomobilya.com\/es\/producto\/conjunto-de-dormitorio-viola\/","og_locale":"es_ES","og_type":"article","og_title":"Conjunto de Dormitorio Viola - \u00c7elmo Mobilya","og_description":"[vc_row][vc_column][vc_column_text] El Conjunto de Dormitorio Viola aporta un toque sofisticado a su dormitorio con su dise\u00f1o elegante y moderno. Dise\u00f1ado","og_url":"https:\/\/celmomobilya.com\/es\/producto\/conjunto-de-dormitorio-viola\/","og_site_name":"\u00c7elmo Mobilya","article_publisher":"https:\/\/www.facebook.com\/celmohome","article_modified_time":"2025-11-09T21:21:25+00:00","og_image":[{"width":1704,"height":1200,"url":"https:\/\/celmomobilya.com\/wp-content\/uploads\/2025\/03\/urun-viola-yatak-1.jpg","type":"image\/jpeg"}],"twitter_card":"summary_large_image","twitter_misc":{"Tiempo de lectura":"2 minutos"},"schema":{"@context":"https:\/\/schema.org","@graph":[{"@type":"WebPage","@id":"https:\/\/celmomobilya.com\/es\/producto\/conjunto-de-dormitorio-viola\/","url":"https:\/\/celmomobilya.com\/es\/producto\/conjunto-de-dormitorio-viola\/","name":"Conjunto de Dormitorio Viola - \u00c7elmo Mobilya","isPartOf":{"@id":"https:\/\/celmomobilya.com\/es\/#website"},"primaryImageOfPage":{"@id":"https:\/\/celmomobilya.com\/es\/producto\/conjunto-de-dormitorio-viola\/#primaryimage"},"image":{"@id":"https:\/\/celmomobilya.com\/es\/producto\/conjunto-de-dormitorio-viola\/#primaryimage"},"thumbnailUrl":"https:\/\/celmomobilya.com\/wp-content\/uploads\/2025\/03\/urun-viola-yatak-1.jpg","datePublished":"2025-03-05T21:54:42+00:00","dateModified":"2025-11-09T21:21:25+00:00","breadcrumb":{"@id":"https:\/\/celmomobilya.com\/es\/producto\/conjunto-de-dormitorio-viola\/#breadcrumb"},"inLanguage":"es","potentialAction":[{"@type":"ReadAction","target":["https:\/\/celmomobilya.com\/es\/producto\/conjunto-de-dormitorio-viola\/"]}]},{"@type":"ImageObject","inLanguage":"es","@id":"https:\/\/celmomobilya.com\/es\/producto\/conjunto-de-dormitorio-viola\/#primaryimage","url":"https:\/\/celmomobilya.com\/wp-content\/uploads\/2025\/03\/urun-viola-yatak-1.jpg","contentUrl":"https:\/\/celmomobilya.com\/wp-content\/uploads\/2025\/03\/urun-viola-yatak-1.jpg","width":1704,"height":1200},{"@type":"BreadcrumbList","@id":"https:\/\/celmomobilya.com\/es\/producto\/conjunto-de-dormitorio-viola\/#breadcrumb","itemListElement":[{"@type":"ListItem","position":1,"name":"Productos","item":"https:\/\/celmomobilya.com\/es\/shop\/"},{"@type":"ListItem","position":2,"name":"Conjunto de Dormitorio Viola"}]},{"@type":"WebSite","@id":"https:\/\/celmomobilya.com\/es\/#website","url":"https:\/\/celmomobilya.com\/es\/","name":"\u00c7elmo Mobilya","description":"Modern ve Luxury Ev Mobilyalar\u0131","potentialAction":[{"@type":"SearchAction","target":{"@type":"EntryPoint","urlTemplate":"https:\/\/celmomobilya.com\/es\/?s={search_term_string}"},"query-input":{"@type":"PropertyValueSpecification","valueRequired":true,"valueName":"search_term_string"}}],"inLanguage":"es"}]}},"_links":{"self":[{"href":"https:\/\/celmomobilya.com\/es\/wp-json\/wp\/v2\/product\/23264","targetHints":{"allow":["GET"]}}],"collection":[{"href":"https:\/\/celmomobilya.com\/es\/wp-json\/wp\/v2\/product"}],"about":[{"href":"https:\/\/celmomobilya.com\/es\/wp-json\/wp\/v2\/types\/product"}],"wp:featuredmedia":[{"embeddable":true,"href":"https:\/\/celmomobilya.com\/es\/wp-json\/wp\/v2\/media\/23341"}],"wp:attachment":[{"href":"https:\/\/celmomobilya.com\/es\/wp-json\/wp\/v2\/media?parent=23264"}],"wp:term":[{"taxonomy":"product_brand","embeddable":true,"href":"https:\/\/celmomobilya.com\/es\/wp-json\/wp\/v2\/product_brand?post=23264"},{"taxonomy":"product_cat","embeddable":true,"href":"https:\/\/celmomobilya.com\/es\/wp-json\/wp\/v2\/product_cat?post=23264"},{"taxonomy":"product_tag","embeddable":true,"href":"https:\/\/celmomobilya.com\/es\/wp-json\/wp\/v2\/product_tag?post=23264"}],"curies":[{"name":"wp","href":"https:\/\/api.w.org\/{rel}","templated":true}]}}