{"id":23148,"date":"2025-03-06T01:15:29","date_gmt":"2025-03-05T22:15:29","guid":{"rendered":"https:\/\/celmomobilya.com\/urun\/conjunto-de-comedor-elera\/"},"modified":"2025-03-06T01:15:29","modified_gmt":"2025-03-05T22:15:29","slug":"conjunto-de-comedor-elera","status":"publish","type":"product","link":"https:\/\/celmomobilya.com\/es\/producto\/conjunto-de-comedor-elera\/","title":{"rendered":"Conjunto de Comedor Elera"},"content":{"rendered":"<p>El Conjunto de Comedor Elera aporta un aire moderno a su comedor con su dise\u00f1o elegante y contempor\u00e1neo. Ofrece una est\u00e9tica llamativa con sus detalles refinados y l\u00edneas sencillas, a la vez que garantiza una experiencia de comida c\u00f3moda gracias a su amplia mesa y sillas confortables. Fabricado con materiales de alta calidad, este conjunto ofrece una estructura duradera que permite un uso prolongado durante muchos a\u00f1os. El Conjunto de Comedor Elera proporciona tanto espacio de almacenamiento como elegancia con sus vitrinas y aparadores sofisticados. Gracias a sus diferentes opciones de color y texturas armoniosas, se adapta f\u00e1cilmente a cualquier tipo de interior. Si busca funcionalidad y est\u00e9tica en su comedor, el Conjunto de Comedor Elera ser\u00e1 la elecci\u00f3n ideal para usted.<\/p>\n","protected":false},"excerpt":{"rendered":"<p>El Conjunto de Comedor Elera aporta un aire moderno a su comedor con su dise\u00f1o elegante y contempor\u00e1neo. Ofrece una<\/p>\n","protected":false},"featured_media":23180,"template":"","meta":[],"product_brand":[],"product_cat":[101],"product_tag":[],"class_list":{"0":"post-23148","1":"product","2":"type-product","3":"status-publish","4":"has-post-thumbnail","6":"product_cat-conjuntos-de-comedor","8":"first","9":"instock","10":"shipping-taxable","11":"product-type-simple"},"yoast_head":"<!-- This site is optimized with the Yoast SEO Premium plugin v21.3 (Yoast SEO v27.3) - https:\/\/yoast.com\/product\/yoast-seo-premium-wordpress\/ -->\n<title>Conjunto de Comedor Elera - \u00c7elmo Mobilya<\/title>\n<meta name=\"robots\" content=\"index, follow, max-snippet:-1, max-image-preview:large, max-video-preview:-1\" \/>\n<link rel=\"canonical\" href=\"https:\/\/celmomobilya.com\/es\/producto\/conjunto-de-comedor-elera\/\" \/>\n<meta property=\"og:locale\" content=\"es_ES\" \/>\n<meta property=\"og:type\" content=\"article\" \/>\n<meta property=\"og:title\" content=\"Conjunto de Comedor Elera - \u00c7elmo Mobilya\" \/>\n<meta property=\"og:description\" content=\"El Conjunto de Comedor Elera aporta un aire moderno a su comedor con su dise\u00f1o elegante y contempor\u00e1neo. Ofrece una\" \/>\n<meta property=\"og:url\" content=\"https:\/\/celmomobilya.com\/es\/producto\/conjunto-de-comedor-elera\/\" \/>\n<meta property=\"og:site_name\" content=\"\u00c7elmo Mobilya\" \/>\n<meta property=\"article:publisher\" content=\"https:\/\/www.facebook.com\/celmohome\" \/>\n<meta property=\"og:image\" content=\"https:\/\/celmomobilya.com\/wp-content\/uploads\/2025\/03\/urun-elera-yemek-1.jpg\" \/>\n\t<meta property=\"og:image:width\" content=\"1603\" \/>\n\t<meta property=\"og:image:height\" content=\"1200\" \/>\n\t<meta property=\"og:image:type\" content=\"image\/jpeg\" \/>\n<meta name=\"twitter:card\" content=\"summary_large_image\" \/>\n<meta name=\"twitter:label1\" content=\"Tiempo de lectura\" \/>\n\t<meta name=\"twitter:data1\" content=\"1 minuto\" \/>\n<script type=\"application\/ld+json\" class=\"yoast-schema-graph\">{\"@context\":\"https:\\\/\\\/schema.org\",\"@graph\":[{\"@type\":\"WebPage\",\"@id\":\"https:\\\/\\\/celmomobilya.com\\\/es\\\/producto\\\/conjunto-de-comedor-elera\\\/\",\"url\":\"https:\\\/\\\/celmomobilya.com\\\/es\\\/producto\\\/conjunto-de-comedor-elera\\\/\",\"name\":\"Conjunto de Comedor Elera - \u00c7elmo Mobilya\",\"isPartOf\":{\"@id\":\"https:\\\/\\\/celmomobilya.com\\\/es\\\/#website\"},\"primaryImageOfPage\":{\"@id\":\"https:\\\/\\\/celmomobilya.com\\\/es\\\/producto\\\/conjunto-de-comedor-elera\\\/#primaryimage\"},\"image\":{\"@id\":\"https:\\\/\\\/celmomobilya.com\\\/es\\\/producto\\\/conjunto-de-comedor-elera\\\/#primaryimage\"},\"thumbnailUrl\":\"https:\\\/\\\/celmomobilya.com\\\/wp-content\\\/uploads\\\/2025\\\/03\\\/urun-elera-yemek-1.jpg\",\"datePublished\":\"2025-03-05T22:15:29+00:00\",\"breadcrumb\":{\"@id\":\"https:\\\/\\\/celmomobilya.com\\\/es\\\/producto\\\/conjunto-de-comedor-elera\\\/#breadcrumb\"},\"inLanguage\":\"es\",\"potentialAction\":[{\"@type\":\"ReadAction\",\"target\":[\"https:\\\/\\\/celmomobilya.com\\\/es\\\/producto\\\/conjunto-de-comedor-elera\\\/\"]}]},{\"@type\":\"ImageObject\",\"inLanguage\":\"es\",\"@id\":\"https:\\\/\\\/celmomobilya.com\\\/es\\\/producto\\\/conjunto-de-comedor-elera\\\/#primaryimage\",\"url\":\"https:\\\/\\\/celmomobilya.com\\\/wp-content\\\/uploads\\\/2025\\\/03\\\/urun-elera-yemek-1.jpg\",\"contentUrl\":\"https:\\\/\\\/celmomobilya.com\\\/wp-content\\\/uploads\\\/2025\\\/03\\\/urun-elera-yemek-1.jpg\",\"width\":1603,\"height\":1200},{\"@type\":\"BreadcrumbList\",\"@id\":\"https:\\\/\\\/celmomobilya.com\\\/es\\\/producto\\\/conjunto-de-comedor-elera\\\/#breadcrumb\",\"itemListElement\":[{\"@type\":\"ListItem\",\"position\":1,\"name\":\"Productos\",\"item\":\"https:\\\/\\\/celmomobilya.com\\\/es\\\/shop\\\/\"},{\"@type\":\"ListItem\",\"position\":2,\"name\":\"Conjunto de Comedor Elera\"}]},{\"@type\":\"WebSite\",\"@id\":\"https:\\\/\\\/celmomobilya.com\\\/es\\\/#website\",\"url\":\"https:\\\/\\\/celmomobilya.com\\\/es\\\/\",\"name\":\"\u00c7elmo Mobilya\",\"description\":\"Modern ve Luxury Ev Mobilyalar\u0131\",\"potentialAction\":[{\"@type\":\"SearchAction\",\"target\":{\"@type\":\"EntryPoint\",\"urlTemplate\":\"https:\\\/\\\/celmomobilya.com\\\/es\\\/?s={search_term_string}\"},\"query-input\":{\"@type\":\"PropertyValueSpecification\",\"valueRequired\":true,\"valueName\":\"search_term_string\"}}],\"inLanguage\":\"es\"}]}<\/script>\n<!-- \/ Yoast SEO Premium plugin. -->","yoast_head_json":{"title":"Conjunto de Comedor Elera - \u00c7elmo Mobilya","robots":{"index":"index","follow":"follow","max-snippet":"max-snippet:-1","max-image-preview":"max-image-preview:large","max-video-preview":"max-video-preview:-1"},"canonical":"https:\/\/celmomobilya.com\/es\/producto\/conjunto-de-comedor-elera\/","og_locale":"es_ES","og_type":"article","og_title":"Conjunto de Comedor Elera - \u00c7elmo Mobilya","og_description":"El Conjunto de Comedor Elera aporta un aire moderno a su comedor con su dise\u00f1o elegante y contempor\u00e1neo. Ofrece una","og_url":"https:\/\/celmomobilya.com\/es\/producto\/conjunto-de-comedor-elera\/","og_site_name":"\u00c7elmo Mobilya","article_publisher":"https:\/\/www.facebook.com\/celmohome","og_image":[{"width":1603,"height":1200,"url":"https:\/\/celmomobilya.com\/wp-content\/uploads\/2025\/03\/urun-elera-yemek-1.jpg","type":"image\/jpeg"}],"twitter_card":"summary_large_image","twitter_misc":{"Tiempo de lectura":"1 minuto"},"schema":{"@context":"https:\/\/schema.org","@graph":[{"@type":"WebPage","@id":"https:\/\/celmomobilya.com\/es\/producto\/conjunto-de-comedor-elera\/","url":"https:\/\/celmomobilya.com\/es\/producto\/conjunto-de-comedor-elera\/","name":"Conjunto de Comedor Elera - \u00c7elmo Mobilya","isPartOf":{"@id":"https:\/\/celmomobilya.com\/es\/#website"},"primaryImageOfPage":{"@id":"https:\/\/celmomobilya.com\/es\/producto\/conjunto-de-comedor-elera\/#primaryimage"},"image":{"@id":"https:\/\/celmomobilya.com\/es\/producto\/conjunto-de-comedor-elera\/#primaryimage"},"thumbnailUrl":"https:\/\/celmomobilya.com\/wp-content\/uploads\/2025\/03\/urun-elera-yemek-1.jpg","datePublished":"2025-03-05T22:15:29+00:00","breadcrumb":{"@id":"https:\/\/celmomobilya.com\/es\/producto\/conjunto-de-comedor-elera\/#breadcrumb"},"inLanguage":"es","potentialAction":[{"@type":"ReadAction","target":["https:\/\/celmomobilya.com\/es\/producto\/conjunto-de-comedor-elera\/"]}]},{"@type":"ImageObject","inLanguage":"es","@id":"https:\/\/celmomobilya.com\/es\/producto\/conjunto-de-comedor-elera\/#primaryimage","url":"https:\/\/celmomobilya.com\/wp-content\/uploads\/2025\/03\/urun-elera-yemek-1.jpg","contentUrl":"https:\/\/celmomobilya.com\/wp-content\/uploads\/2025\/03\/urun-elera-yemek-1.jpg","width":1603,"height":1200},{"@type":"BreadcrumbList","@id":"https:\/\/celmomobilya.com\/es\/producto\/conjunto-de-comedor-elera\/#breadcrumb","itemListElement":[{"@type":"ListItem","position":1,"name":"Productos","item":"https:\/\/celmomobilya.com\/es\/shop\/"},{"@type":"ListItem","position":2,"name":"Conjunto de Comedor Elera"}]},{"@type":"WebSite","@id":"https:\/\/celmomobilya.com\/es\/#website","url":"https:\/\/celmomobilya.com\/es\/","name":"\u00c7elmo Mobilya","description":"Modern ve Luxury Ev Mobilyalar\u0131","potentialAction":[{"@type":"SearchAction","target":{"@type":"EntryPoint","urlTemplate":"https:\/\/celmomobilya.com\/es\/?s={search_term_string}"},"query-input":{"@type":"PropertyValueSpecification","valueRequired":true,"valueName":"search_term_string"}}],"inLanguage":"es"}]}},"_links":{"self":[{"href":"https:\/\/celmomobilya.com\/es\/wp-json\/wp\/v2\/product\/23148","targetHints":{"allow":["GET"]}}],"collection":[{"href":"https:\/\/celmomobilya.com\/es\/wp-json\/wp\/v2\/product"}],"about":[{"href":"https:\/\/celmomobilya.com\/es\/wp-json\/wp\/v2\/types\/product"}],"wp:featuredmedia":[{"embeddable":true,"href":"https:\/\/celmomobilya.com\/es\/wp-json\/wp\/v2\/media\/23180"}],"wp:attachment":[{"href":"https:\/\/celmomobilya.com\/es\/wp-json\/wp\/v2\/media?parent=23148"}],"wp:term":[{"taxonomy":"product_brand","embeddable":true,"href":"https:\/\/celmomobilya.com\/es\/wp-json\/wp\/v2\/product_brand?post=23148"},{"taxonomy":"product_cat","embeddable":true,"href":"https:\/\/celmomobilya.com\/es\/wp-json\/wp\/v2\/product_cat?post=23148"},{"taxonomy":"product_tag","embeddable":true,"href":"https:\/\/celmomobilya.com\/es\/wp-json\/wp\/v2\/product_tag?post=23148"}],"curies":[{"name":"wp","href":"https:\/\/api.w.org\/{rel}","templated":true}]}}