{"id":22413,"date":"2024-01-31T10:12:09","date_gmt":"2024-01-31T07:12:09","guid":{"rendered":"https:\/\/celmomobilya.com\/?page_id=22413"},"modified":"2025-04-14T20:59:26","modified_gmt":"2025-04-14T17:59:26","slug":"ferias","status":"publish","type":"page","link":"https:\/\/celmomobilya.com\/es\/ferias\/","title":{"rendered":"Ferias"},"content":{"rendered":"<div class=\"wpb-content-wrapper\"><p>[vc_row][vc_column][vc_column_text text_larger=\u00bbno\u00bb woodmart_inline=\u00bbno\u00bb]<\/p>\n<h1 style=\"text-align: center;\"><strong>Ferias<\/strong><\/h1>\n<p>[\/vc_column_text][\/vc_column][\/vc_row][vc_row][vc_column width=\u00bb1\/2&#8243;][vc_raw_html]JTNDZGl2JTIwY2xhc3MlM0QlMjJ0aWxlJTIyJTNFRmVyaWElMjBkZSUyME11ZWJsZXMlMjBkZSUyMEVzdGFtYnVsJTIwMjAyNSUzQyUyRmRpdiUzRSUwQQ==[\/vc_raw_html][vc_video link=\u00bbhttps:\/\/youtube.com\/shorts\/TgVO4IBOXTo\u00bb poster_image=\u00bb21548&#8243; image_poster_switch=\u00bbyes\u00bb img_size=\u00bbfull\u00bb woodmart_css_id=\u00bb67d577022a91b\u00bb][\/vc_column][vc_column width=\u00bb1\/2&#8243;][vc_raw_html]JTNDZGl2JTIwY2xhc3MlM0QlMjJ0aWxlJTIyJTNFRmVyaWElMjBkZSUyME11ZWJsZXMlMjBkZSUyMEVzdGFtYnVsJTIwMjAyNCUzQyUyRmRpdiUzRSUwQQ==[\/vc_raw_html][vc_video link=\u00bbhttps:\/\/www.youtube.com\/watch?v=ndqOxG4S6i4&#8243; poster_image=\u00bb1359&#8243; image_poster_switch=\u00bbyes\u00bb img_size=\u00bbfull\u00bb woodmart_css_id=\u00bb65b9f44cacd69&#8243;][\/vc_column][\/vc_row][vc_row][vc_column width=\u00bb1\/2&#8243;][vc_raw_html]JTNDZGl2JTIwY2xhc3MlM0QlMjJ0aWxlJTIyJTNFRmVyaWElMjBkZSUyME11ZWJsZXMlMjBkZSUyMEVzdGFtYnVsJTIwMjAyMyUzQyUyRmRpdiUzRSUwQQ==[\/vc_raw_html][vc_video link=\u00bbhttps:\/\/youtu.be\/nEFjynUQez4&#8243; poster_image=\u00bb1362&#8243; image_poster_switch=\u00bbyes\u00bb img_size=\u00bbfull\u00bb woodmart_css_id=\u00bb65b9f471d43cc\u00bb][\/vc_column][vc_column width=\u00bb1\/2&#8243;][vc_raw_html]JTNDZGl2JTIwY2xhc3MlM0QlMjJ0aWxlJTIyJTNFRmVyaWElMjBkZSUyME11ZWJsZXMlMjBkZSUyMEVzdGFtYnVsJTIwMjAyMiUzQyUyRmRpdiUzRSUwQQ==[\/vc_raw_html][vc_video link=\u00bbhttps:\/\/youtu.be\/DiItAe3XN1g\u00bb poster_image=\u00bb1361&#8243; image_poster_switch=\u00bbyes\u00bb img_size=\u00bbfull\u00bb woodmart_css_id=\u00bb65b9f483384b9&#8243;][\/vc_column][\/vc_row][vc_row][vc_column width=\u00bb1\/2&#8243;][vc_raw_html]JTNDZGl2JTIwY2xhc3MlM0QlMjJ0aWxlJTIyJTNFRmVyaWElMjBkZSUyME11ZWJsZXMlMjBDTlIlMjBFeHBvJTIwRXN0YW1idWwlMjAyMDIxJTNDJTJGZGl2JTNFJTBB[\/vc_raw_html][vc_video link=\u00bbhttps:\/\/youtu.be\/XW9ubYVto4M\u00bb poster_image=\u00bb1366&#8243; image_poster_switch=\u00bbyes\u00bb img_size=\u00bbfull\u00bb woodmart_css_id=\u00bb65b9f493e9504&#8243;][\/vc_column][vc_column width=\u00bb1\/2&#8243;][vc_raw_html]JTNDZGl2JTIwY2xhc3MlM0QlMjJ0aWxlJTIyJTNFRmVyaWElMjBkZSUyME11ZWJsZXMlMjBNT0RFRiUyMCVDNCVCMG5lZyVDMyVCNmwlMjAyMDIwJTNDJTJGZGl2JTNFJTBB[\/vc_raw_html][vc_video link=\u00bbhttps:\/\/youtu.be\/eR71ZFZniAM\u00bb poster_image=\u00bb1365&#8243; image_poster_switch=\u00bbyes\u00bb img_size=\u00bbfull\u00bb woodmart_css_id=\u00bb65b9f4a1934b7&#8243;][\/vc_column][\/vc_row][vc_row disable_element=\u00bbyes\u00bb mobile_bg_img_hidden=\u00bbno\u00bb tablet_bg_img_hidden=\u00bbno\u00bb woodmart_parallax=\u00bb0&#8243; woodmart_gradient_switch=\u00bbno\u00bb row_reverse_mobile=\u00bb0&#8243; row_reverse_tablet=\u00bb0&#8243; woodmart_disable_overflow=\u00bb0&#8243;][vc_column][vc_column_text text_larger=\u00bbno\u00bb woodmart_inline=\u00bbno\u00bb]<\/p>\n<p class=\"\" data-start=\"72\" data-end=\"376\">Como una marca con identidad propia en el mundo del mobiliario, en \u00c7elmo Mobilya nos esforzamos constantemente por presentar las \u00faltimas tendencias y los dise\u00f1os m\u00e1s creativos. Nuestro objetivo es ofrecer a nuestros clientes elegancia y confort con productos de mobiliario de alta calidad y funcionales.<\/p>\n<p class=\"\" data-start=\"378\" data-end=\"811\">En este sentido, las ferias de mobiliario en las que participamos son eventos clave que nos permiten seguir de cerca las innovaciones del sector. Estas ferias no solo nos brindan la oportunidad de exhibir nuestros nuevos productos, sino tambi\u00e9n de interactuar directamente con nuestros clientes. Son una plataforma para definir tendencias de dise\u00f1o, comprender los cambios del sector y conocer mejor las expectativas de los clientes.<\/p>\n<p class=\"\" data-start=\"813\" data-end=\"1249\">En \u00c7elmo Mobilya aprovechamos al m\u00e1ximo estas oportunidades, participando cada a\u00f1o en importantes ferias de mobiliario en todo el mundo. Nuestra presencia en estas ferias no solo nos permite mostrar nuestros productos, sino tambi\u00e9n colaborar con otras empresas del sector y desarrollar nuevos proyectos. Estas colaboraciones nos permiten compartir innovaciones y buenas pr\u00e1cticas, adem\u00e1s de alimentar el desarrollo de futuros proyectos.<\/p>\n<p class=\"\" data-start=\"1251\" data-end=\"1534\">El stand de \u00c7elmo Mobilya en cada feria est\u00e1 dise\u00f1ado cuidadosamente para mostrar las \u00faltimas tendencias y las piezas m\u00e1s nuevas de nuestras colecciones. Ofrecemos a los visitantes la posibilidad de ver de cerca y experimentar nuestros muebles, que combinan est\u00e9tica y funcionalidad.<\/p>\n<p class=\"\" data-start=\"1536\" data-end=\"1975\">Adem\u00e1s, durante las ferias podemos realizar dise\u00f1os personalizados seg\u00fan las necesidades de nuestros clientes. Producimos muebles en medidas, colores y materiales especiales, teniendo en cuenta sus solicitudes. La interacci\u00f3n directa con los visitantes en estos eventos nos permite recibir comentarios valiosos que contribuyen a la mejora de nuestros productos, aumentan la satisfacci\u00f3n del cliente y orientan nuestras futuras colecciones.<\/p>\n<p class=\"\" data-start=\"1977\" data-end=\"2200\">Entender las expectativas de nuestros clientes y ofrecerles el mejor servicio es una prioridad para nosotros. Por ello, en nuestras ferias, nos esforzamos por establecer una comunicaci\u00f3n cercana y eficaz con los visitantes.<\/p>\n<p class=\"\" data-start=\"2202\" data-end=\"2555\">En \u00c7elmo Mobilya seguiremos participando en ferias de mobiliario para seguir de cerca los \u00faltimos desarrollos del sector, ofrecer los mejores productos a nuestros clientes y mantener nuestro liderazgo en la industria. Te esperamos en nuestra pr\u00f3xima feria. Ven a conocernos, descubre nuestros productos y \u00fanete a nosotros para transformar tus espacios.<\/p>\n<p class=\"\" data-start=\"2557\" data-end=\"2741\">Recuerda, en \u00c7elmo Mobilya estamos aqu\u00ed para enriquecer tu experiencia en mobiliario. Participa en nuestras ferias y acomp\u00e1\u00f1anos en este viaje para encontrar los muebles de tus sue\u00f1os.<\/p>\n<p>[\/vc_column_text][\/vc_column][\/vc_row]<\/p>\n<\/div>","protected":false},"excerpt":{"rendered":"<p>[vc_row][vc_column][vc_column_text text_larger=\u00bbno\u00bb woodmart_inline=\u00bbno\u00bb] Ferias [\/vc_column_text][\/vc_column][\/vc_row][vc_row][vc_column width=\u00bb1\/2&#8243;][vc_raw_html]JTNDZGl2JTIwY2xhc3MlM0QlMjJ0aWxlJTIyJTNFRmVyaWElMjBkZSUyME11ZWJsZXMlMjBkZSUyMEVzdGFtYnVsJTIwMjAyNSUzQyUyRmRpdiUzRSUwQQ==[\/vc_raw_html][vc_video link=\u00bbhttps:\/\/youtube.com\/shorts\/TgVO4IBOXTo\u00bb poster_image=\u00bb21548&#8243; image_poster_switch=\u00bbyes\u00bb img_size=\u00bbfull\u00bb woodmart_css_id=\u00bb67d577022a91b\u00bb][\/vc_column][vc_column width=\u00bb1\/2&#8243;][vc_raw_html]JTNDZGl2JTIwY2xhc3MlM0QlMjJ0aWxlJTIyJTNFRmVyaWElMjBkZSUyME11ZWJsZXMlMjBkZSUyMEVzdGFtYnVsJTIwMjAyNCUzQyUyRmRpdiUzRSUwQQ==[\/vc_raw_html][vc_video link=\u00bbhttps:\/\/www.youtube.com\/watch?v=ndqOxG4S6i4&#8243; poster_image=\u00bb1359&#8243; image_poster_switch=\u00bbyes\u00bb img_size=\u00bbfull\u00bb woodmart_css_id=\u00bb65b9f44cacd69&#8243;][\/vc_column][\/vc_row][vc_row][vc_column width=\u00bb1\/2&#8243;][vc_raw_html]JTNDZGl2JTIwY2xhc3MlM0QlMjJ0aWxlJTIyJTNFRmVyaWElMjBkZSUyME11ZWJsZXMlMjBkZSUyMEVzdGFtYnVsJTIwMjAyMyUzQyUyRmRpdiUzRSUwQQ==[\/vc_raw_html][vc_video link=\u00bbhttps:\/\/youtu.be\/nEFjynUQez4&#8243; poster_image=\u00bb1362&#8243;<\/p>\n","protected":false},"author":1,"featured_media":22353,"parent":0,"menu_order":0,"comment_status":"closed","ping_status":"closed","template":"","meta":{"footnotes":""},"class_list":["post-22413","page","type-page","status-publish","has-post-thumbnail","hentry"],"yoast_head":"<!-- This site is optimized with the Yoast SEO Premium plugin v21.3 (Yoast SEO v27.3) - https:\/\/yoast.com\/product\/yoast-seo-premium-wordpress\/ -->\n<title>Ferias - \u00c7elmo Mobilya<\/title>\n<meta name=\"robots\" content=\"index, follow, max-snippet:-1, max-image-preview:large, max-video-preview:-1\" \/>\n<link rel=\"canonical\" href=\"https:\/\/celmomobilya.com\/es\/ferias\/\" \/>\n<meta property=\"og:locale\" content=\"es_ES\" \/>\n<meta property=\"og:type\" content=\"article\" \/>\n<meta property=\"og:title\" content=\"Ferias - \u00c7elmo Mobilya\" \/>\n<meta property=\"og:description\" content=\"[vc_row][vc_column][vc_column_text text_larger=\u00bbno\u00bb woodmart_inline=\u00bbno\u00bb] Ferias [\/vc_column_text][\/vc_column][\/vc_row][vc_row][vc_column width=\u00bb1\/2&#8243;][vc_raw_html]JTNDZGl2JTIwY2xhc3MlM0QlMjJ0aWxlJTIyJTNFRmVyaWElMjBkZSUyME11ZWJsZXMlMjBkZSUyMEVzdGFtYnVsJTIwMjAyNSUzQyUyRmRpdiUzRSUwQQ==[\/vc_raw_html][vc_video link=\u00bbhttps:\/\/youtube.com\/shorts\/TgVO4IBOXTo\u00bb poster_image=\u00bb21548&#8243; image_poster_switch=\u00bbyes\u00bb img_size=\u00bbfull\u00bb woodmart_css_id=\u00bb67d577022a91b\u00bb][\/vc_column][vc_column width=\u00bb1\/2&#8243;][vc_raw_html]JTNDZGl2JTIwY2xhc3MlM0QlMjJ0aWxlJTIyJTNFRmVyaWElMjBkZSUyME11ZWJsZXMlMjBkZSUyMEVzdGFtYnVsJTIwMjAyNCUzQyUyRmRpdiUzRSUwQQ==[\/vc_raw_html][vc_video link=\u00bbhttps:\/\/www.youtube.com\/watch?v=ndqOxG4S6i4&#8243; poster_image=\u00bb1359&#8243; image_poster_switch=\u00bbyes\u00bb img_size=\u00bbfull\u00bb woodmart_css_id=\u00bb65b9f44cacd69&#8243;][\/vc_column][\/vc_row][vc_row][vc_column width=\u00bb1\/2&#8243;][vc_raw_html]JTNDZGl2JTIwY2xhc3MlM0QlMjJ0aWxlJTIyJTNFRmVyaWElMjBkZSUyME11ZWJsZXMlMjBkZSUyMEVzdGFtYnVsJTIwMjAyMyUzQyUyRmRpdiUzRSUwQQ==[\/vc_raw_html][vc_video link=\u00bbhttps:\/\/youtu.be\/nEFjynUQez4&#8243; poster_image=\u00bb1362&#8243;\" \/>\n<meta property=\"og:url\" content=\"https:\/\/celmomobilya.com\/es\/ferias\/\" \/>\n<meta property=\"og:site_name\" content=\"\u00c7elmo Mobilya\" \/>\n<meta property=\"article:publisher\" content=\"https:\/\/www.facebook.com\/celmohome\" \/>\n<meta property=\"article:modified_time\" content=\"2025-04-14T17:59:26+00:00\" \/>\n<meta property=\"og:image\" content=\"https:\/\/celmomobilya.com\/wp-content\/uploads\/2024\/02\/logo.png\" \/>\n\t<meta property=\"og:image:width\" content=\"200\" \/>\n\t<meta property=\"og:image:height\" content=\"200\" \/>\n\t<meta property=\"og:image:type\" content=\"image\/png\" \/>\n<meta name=\"twitter:card\" content=\"summary_large_image\" \/>\n<meta name=\"twitter:label1\" content=\"Tiempo de lectura\" \/>\n\t<meta name=\"twitter:data1\" content=\"4 minutos\" \/>\n<script type=\"application\/ld+json\" class=\"yoast-schema-graph\">{\"@context\":\"https:\\\/\\\/schema.org\",\"@graph\":[{\"@type\":\"WebPage\",\"@id\":\"https:\\\/\\\/celmomobilya.com\\\/es\\\/ferias\\\/\",\"url\":\"https:\\\/\\\/celmomobilya.com\\\/es\\\/ferias\\\/\",\"name\":\"Ferias - \u00c7elmo Mobilya\",\"isPartOf\":{\"@id\":\"https:\\\/\\\/celmomobilya.com\\\/es\\\/#website\"},\"primaryImageOfPage\":{\"@id\":\"https:\\\/\\\/celmomobilya.com\\\/es\\\/ferias\\\/#primaryimage\"},\"image\":{\"@id\":\"https:\\\/\\\/celmomobilya.com\\\/es\\\/ferias\\\/#primaryimage\"},\"thumbnailUrl\":\"https:\\\/\\\/celmomobilya.com\\\/wp-content\\\/uploads\\\/2024\\\/02\\\/logo.png\",\"datePublished\":\"2024-01-31T07:12:09+00:00\",\"dateModified\":\"2025-04-14T17:59:26+00:00\",\"inLanguage\":\"es\",\"potentialAction\":[{\"@type\":\"ReadAction\",\"target\":[\"https:\\\/\\\/celmomobilya.com\\\/es\\\/ferias\\\/\"]}]},{\"@type\":\"ImageObject\",\"inLanguage\":\"es\",\"@id\":\"https:\\\/\\\/celmomobilya.com\\\/es\\\/ferias\\\/#primaryimage\",\"url\":\"https:\\\/\\\/celmomobilya.com\\\/wp-content\\\/uploads\\\/2024\\\/02\\\/logo.png\",\"contentUrl\":\"https:\\\/\\\/celmomobilya.com\\\/wp-content\\\/uploads\\\/2024\\\/02\\\/logo.png\",\"width\":200,\"height\":200},{\"@type\":\"WebSite\",\"@id\":\"https:\\\/\\\/celmomobilya.com\\\/es\\\/#website\",\"url\":\"https:\\\/\\\/celmomobilya.com\\\/es\\\/\",\"name\":\"\u00c7elmo Mobilya\",\"description\":\"Modern ve Luxury Ev Mobilyalar\u0131\",\"potentialAction\":[{\"@type\":\"SearchAction\",\"target\":{\"@type\":\"EntryPoint\",\"urlTemplate\":\"https:\\\/\\\/celmomobilya.com\\\/es\\\/?s={search_term_string}\"},\"query-input\":{\"@type\":\"PropertyValueSpecification\",\"valueRequired\":true,\"valueName\":\"search_term_string\"}}],\"inLanguage\":\"es\"}]}<\/script>\n<!-- \/ Yoast SEO Premium plugin. -->","yoast_head_json":{"title":"Ferias - \u00c7elmo Mobilya","robots":{"index":"index","follow":"follow","max-snippet":"max-snippet:-1","max-image-preview":"max-image-preview:large","max-video-preview":"max-video-preview:-1"},"canonical":"https:\/\/celmomobilya.com\/es\/ferias\/","og_locale":"es_ES","og_type":"article","og_title":"Ferias - \u00c7elmo Mobilya","og_description":"[vc_row][vc_column][vc_column_text text_larger=\u00bbno\u00bb woodmart_inline=\u00bbno\u00bb] Ferias [\/vc_column_text][\/vc_column][\/vc_row][vc_row][vc_column width=\u00bb1\/2&#8243;][vc_raw_html]JTNDZGl2JTIwY2xhc3MlM0QlMjJ0aWxlJTIyJTNFRmVyaWElMjBkZSUyME11ZWJsZXMlMjBkZSUyMEVzdGFtYnVsJTIwMjAyNSUzQyUyRmRpdiUzRSUwQQ==[\/vc_raw_html][vc_video link=\u00bbhttps:\/\/youtube.com\/shorts\/TgVO4IBOXTo\u00bb poster_image=\u00bb21548&#8243; image_poster_switch=\u00bbyes\u00bb img_size=\u00bbfull\u00bb woodmart_css_id=\u00bb67d577022a91b\u00bb][\/vc_column][vc_column width=\u00bb1\/2&#8243;][vc_raw_html]JTNDZGl2JTIwY2xhc3MlM0QlMjJ0aWxlJTIyJTNFRmVyaWElMjBkZSUyME11ZWJsZXMlMjBkZSUyMEVzdGFtYnVsJTIwMjAyNCUzQyUyRmRpdiUzRSUwQQ==[\/vc_raw_html][vc_video link=\u00bbhttps:\/\/www.youtube.com\/watch?v=ndqOxG4S6i4&#8243; poster_image=\u00bb1359&#8243; image_poster_switch=\u00bbyes\u00bb img_size=\u00bbfull\u00bb woodmart_css_id=\u00bb65b9f44cacd69&#8243;][\/vc_column][\/vc_row][vc_row][vc_column width=\u00bb1\/2&#8243;][vc_raw_html]JTNDZGl2JTIwY2xhc3MlM0QlMjJ0aWxlJTIyJTNFRmVyaWElMjBkZSUyME11ZWJsZXMlMjBkZSUyMEVzdGFtYnVsJTIwMjAyMyUzQyUyRmRpdiUzRSUwQQ==[\/vc_raw_html][vc_video link=\u00bbhttps:\/\/youtu.be\/nEFjynUQez4&#8243; poster_image=\u00bb1362&#8243;","og_url":"https:\/\/celmomobilya.com\/es\/ferias\/","og_site_name":"\u00c7elmo Mobilya","article_publisher":"https:\/\/www.facebook.com\/celmohome","article_modified_time":"2025-04-14T17:59:26+00:00","og_image":[{"width":200,"height":200,"url":"https:\/\/celmomobilya.com\/wp-content\/uploads\/2024\/02\/logo.png","type":"image\/png"}],"twitter_card":"summary_large_image","twitter_misc":{"Tiempo de lectura":"4 minutos"},"schema":{"@context":"https:\/\/schema.org","@graph":[{"@type":"WebPage","@id":"https:\/\/celmomobilya.com\/es\/ferias\/","url":"https:\/\/celmomobilya.com\/es\/ferias\/","name":"Ferias - \u00c7elmo Mobilya","isPartOf":{"@id":"https:\/\/celmomobilya.com\/es\/#website"},"primaryImageOfPage":{"@id":"https:\/\/celmomobilya.com\/es\/ferias\/#primaryimage"},"image":{"@id":"https:\/\/celmomobilya.com\/es\/ferias\/#primaryimage"},"thumbnailUrl":"https:\/\/celmomobilya.com\/wp-content\/uploads\/2024\/02\/logo.png","datePublished":"2024-01-31T07:12:09+00:00","dateModified":"2025-04-14T17:59:26+00:00","inLanguage":"es","potentialAction":[{"@type":"ReadAction","target":["https:\/\/celmomobilya.com\/es\/ferias\/"]}]},{"@type":"ImageObject","inLanguage":"es","@id":"https:\/\/celmomobilya.com\/es\/ferias\/#primaryimage","url":"https:\/\/celmomobilya.com\/wp-content\/uploads\/2024\/02\/logo.png","contentUrl":"https:\/\/celmomobilya.com\/wp-content\/uploads\/2024\/02\/logo.png","width":200,"height":200},{"@type":"WebSite","@id":"https:\/\/celmomobilya.com\/es\/#website","url":"https:\/\/celmomobilya.com\/es\/","name":"\u00c7elmo Mobilya","description":"Modern ve Luxury Ev Mobilyalar\u0131","potentialAction":[{"@type":"SearchAction","target":{"@type":"EntryPoint","urlTemplate":"https:\/\/celmomobilya.com\/es\/?s={search_term_string}"},"query-input":{"@type":"PropertyValueSpecification","valueRequired":true,"valueName":"search_term_string"}}],"inLanguage":"es"}]}},"_links":{"self":[{"href":"https:\/\/celmomobilya.com\/es\/wp-json\/wp\/v2\/pages\/22413","targetHints":{"allow":["GET"]}}],"collection":[{"href":"https:\/\/celmomobilya.com\/es\/wp-json\/wp\/v2\/pages"}],"about":[{"href":"https:\/\/celmomobilya.com\/es\/wp-json\/wp\/v2\/types\/page"}],"author":[{"embeddable":true,"href":"https:\/\/celmomobilya.com\/es\/wp-json\/wp\/v2\/users\/1"}],"replies":[{"embeddable":true,"href":"https:\/\/celmomobilya.com\/es\/wp-json\/wp\/v2\/comments?post=22413"}],"version-history":[{"count":1,"href":"https:\/\/celmomobilya.com\/es\/wp-json\/wp\/v2\/pages\/22413\/revisions"}],"predecessor-version":[{"id":22420,"href":"https:\/\/celmomobilya.com\/es\/wp-json\/wp\/v2\/pages\/22413\/revisions\/22420"}],"wp:featuredmedia":[{"embeddable":true,"href":"https:\/\/celmomobilya.com\/es\/wp-json\/wp\/v2\/media\/22353"}],"wp:attachment":[{"href":"https:\/\/celmomobilya.com\/es\/wp-json\/wp\/v2\/media?parent=22413"}],"curies":[{"name":"wp","href":"https:\/\/api.w.org\/{rel}","templated":true}]}}