{"id":22405,"date":"2024-01-31T10:38:57","date_gmt":"2024-01-31T07:38:57","guid":{"rendered":"https:\/\/celmomobilya.com\/?page_id=22405"},"modified":"2025-04-14T20:54:38","modified_gmt":"2025-04-14T17:54:38","slug":"proyecto","status":"publish","type":"page","link":"https:\/\/celmomobilya.com\/es\/proyecto\/","title":{"rendered":"Proyecto"},"content":{"rendered":"<div class=\"wpb-content-wrapper\"><p>[vc_row el_id=\u00bbrow-proje\u00bb mobile_bg_img_hidden=\u00bbno\u00bb tablet_bg_img_hidden=\u00bbno\u00bb woodmart_parallax=\u00bb0&#8243; woodmart_gradient_switch=\u00bbno\u00bb row_reverse_mobile=\u00bb0&#8243; row_reverse_tablet=\u00bb0&#8243; woodmart_disable_overflow=\u00bb0&#8243;][vc_column][vc_column_text text_larger=\u00bbno\u00bb woodmart_inline=\u00bbno\u00bb]<\/p>\n<h1 style=\"text-align: center;\"><strong>\u00bfC\u00f3mo se llevan a cabo los procesos de dise\u00f1o y ejecuci\u00f3n de proyectos en \u00c7elmo?<\/strong><\/h1>\n<p>[\/vc_column_text][vc_row_inner equal_height=\u00bbyes\u00bb row_reverse_mobile=\u00bb0&#8243; row_reverse_tablet=\u00bb0&#8243;][vc_column_inner width=\u00bb1\/2&#8243;][vc_single_image image=\u00bb22406&#8243; img_size=\u00bbfull\u00bb parallax_scroll=\u00bbno\u00bb woodmart_inline=\u00bbno\u00bb][\/vc_column_inner][vc_column_inner width=\u00bb1\/2&#8243;][vc_column_text text_larger=\u00bbno\u00bb woodmart_inline=\u00bbno\u00bb]<\/p>\n<h3><strong>An\u00e1lisis de las necesidades del cliente:<\/strong><\/h3>\n<p>La primera etapa de cada proyecto son las reuniones de proyecto realizadas con el fin de comprender correctamente las necesidades y expectativas de nuestros clientes. Las consultas realizadas bajo numerosos temas, como el prop\u00f3sito de uso del mueble, sus dimensiones, preferencias de estilo y selecci\u00f3n de materiales, orientan las soluciones que se desarrollar\u00e1n espec\u00edficamente para el proyecto.<br \/>\n[\/vc_column_text][\/vc_column_inner][\/vc_row_inner][vc_row_inner equal_height=\u00bbyes\u00bb row_reverse_mobile=\u00bb0&#8243; row_reverse_tablet=\u00bb0&#8243; el_id=\u00bbmobile-row-1&#8243;][vc_column_inner width=\u00bb1\/2&#8243;][vc_column_text text_larger=\u00bbno\u00bb woodmart_inline=\u00bbno\u00bb]<\/p>\n<h3><strong>Dise\u00f1o conceptual:<\/strong><\/h3>\n<p>En base a la informaci\u00f3n obtenida del cliente, se realiza una evaluaci\u00f3n interna y una distribuci\u00f3n de tareas para iniciar el proceso de desarrollo del proyecto. El dise\u00f1o conceptual, que es la etapa inicial y m\u00e1s importante del proceso, establece las l\u00edneas principales del proyecto y el estilo del dise\u00f1o. El borrador del dise\u00f1o conceptual preparado por nuestros dise\u00f1adores toma su forma final con los comentarios recibidos del cliente.<br \/>\n[\/vc_column_text][\/vc_column_inner][vc_column_inner width=\u00bb1\/2&#8243;][vc_single_image image=\u00bb22407&#8243; img_size=\u00bbfull\u00bb parallax_scroll=\u00bbno\u00bb woodmart_inline=\u00bbno\u00bb][\/vc_column_inner][\/vc_row_inner][vc_row_inner equal_height=\u00bbyes\u00bb row_reverse_mobile=\u00bb0&#8243; row_reverse_tablet=\u00bb0&#8243;][vc_column_inner width=\u00bb1\/2&#8243;][vc_single_image image=\u00bb22408&#8243; img_size=\u00bbfull\u00bb parallax_scroll=\u00bbno\u00bb woodmart_inline=\u00bbno\u00bb][\/vc_column_inner][vc_column_inner width=\u00bb1\/2&#8243;][vc_column_text text_larger=\u00bbno\u00bb woodmart_inline=\u00bbno\u00bb]<\/p>\n<h3><strong>Planos t\u00e9cnicos:<\/strong><\/h3>\n<p>Tras la aprobaci\u00f3n del dise\u00f1o conceptual, comienza el proceso de planos t\u00e9cnicos, que incluye todos los detalles del proceso de producci\u00f3n. En los planos preparados por nuestros dise\u00f1adores, se determinan con precisi\u00f3n detalles como las medidas, los materiales y el montaje. Una vez aprobados los planos t\u00e9cnicos completados, se transfieren al taller y comienza el proceso de producci\u00f3n.<br \/>\n[\/vc_column_text][\/vc_column_inner][\/vc_row_inner][vc_row_inner equal_height=\u00bbyes\u00bb row_reverse_mobile=\u00bb0&#8243; row_reverse_tablet=\u00bb0&#8243; el_id=\u00bbmobile-row-1&#8243;][vc_column_inner width=\u00bb1\/2&#8243;][vc_column_text text_larger=\u00bbno\u00bb woodmart_inline=\u00bbno\u00bb]<\/p>\n<h3><strong>Producci\u00f3n:<\/strong><\/h3>\n<p>La fase de producci\u00f3n, que podemos calificar como la etapa en la que el proyecto, que pasa de la idea al dise\u00f1o, cobra vida de manera concreta, es un proceso extenso que abarca muchas tareas como el corte de materiales, ensamblaje de piezas, montaje, lijado y pintado. Los productos terminados son empaquetados y enviados al departamento correspondiente para su preparaci\u00f3n para la entrega.<br \/>\n[\/vc_column_text][\/vc_column_inner][vc_column_inner width=\u00bb1\/2&#8243;][vc_single_image image=\u00bb22409&#8243; img_size=\u00bbfull\u00bb parallax_scroll=\u00bbno\u00bb woodmart_inline=\u00bbno\u00bb][\/vc_column_inner][\/vc_row_inner][vc_row_inner equal_height=\u00bbyes\u00bb row_reverse_mobile=\u00bb0&#8243; row_reverse_tablet=\u00bb0&#8243;][vc_column_inner width=\u00bb1\/2&#8243;][vc_single_image image=\u00bb22410&#8243; img_size=\u00bbfull\u00bb parallax_scroll=\u00bbno\u00bb woodmart_inline=\u00bbno\u00bb][\/vc_column_inner][vc_column_inner width=\u00bb1\/2&#8243;][vc_column_text text_larger=\u00bbno\u00bb woodmart_inline=\u00bbno\u00bb]<\/p>\n<h3><strong>Entrega:<\/strong><\/h3>\n<p>Los productos que han pasado sin problemas por todas las etapas y han sido enviados al departamento de entrega, son entregados a la direcci\u00f3n de nuestro cliente por nuestro departamento de log\u00edstica. Luego, nuestro equipo profesional de montaje realiza la instalaci\u00f3n de los productos en el espacio. En esta etapa, se le da la m\u00e1xima importancia a la adecuaci\u00f3n del proyecto. El proceso se completa despu\u00e9s de la instalaci\u00f3n.<\/p>\n<p>En estas etapas, que avanzan de manera directamente relacionada entre s\u00ed, todo el equipo del proyecto trabaja con alta concentraci\u00f3n y coordinaci\u00f3n para garantizar el cumplimiento correcto de los criterios de \u00e9xito como calidad, puntualidad y satisfacci\u00f3n del cliente.<br \/>\n[\/vc_column_text][\/vc_column_inner][\/vc_row_inner][vc_row_inner][vc_column_inner][vc_column_text text_larger=\u00bbno\u00bb woodmart_inline=\u00bbno\u00bb]<\/p>\n<p style=\"text-align: center; font-size: 17px; margin-top: 30px;\">Para llevar a cabo su proyecto con la experiencia de \u00c7elmo, <a href=\"http:\/\/celmomobilya.com\/iletisim\"><strong>cont\u00e1ctenos.<\/strong><\/a><\/p>\n<p>[\/vc_column_text][\/vc_column_inner][\/vc_row_inner][\/vc_column][\/vc_row][vc_row disable_element=\u00bbyes\u00bb mobile_bg_img_hidden=\u00bbno\u00bb tablet_bg_img_hidden=\u00bbno\u00bb woodmart_parallax=\u00bb0&#8243; woodmart_gradient_switch=\u00bbno\u00bb row_reverse_mobile=\u00bb0&#8243; row_reverse_tablet=\u00bb0&#8243; woodmart_disable_overflow=\u00bb0&#8243;][vc_column][vc_column_text text_larger=\u00bbno\u00bb woodmart_inline=\u00bbno\u00bb]<\/p>\n<p class=\"\" data-start=\"39\" data-end=\"287\">\u00a1Bienvenidos a \u00c7elmo Mobilya! Si est\u00e1 buscando dise\u00f1os creativos y proyectos \u00fanicos en el mundo del mobiliario, est\u00e1 en el lugar correcto. Nos alegra que haya llegado a nuestra p\u00e1gina de proyectos para descubrir los muebles y dise\u00f1os que ofrecemos.<\/p>\n<p class=\"\" data-start=\"289\" data-end=\"686\">\u00c7elmo Mobilya es conocida como un l\u00edder en la industria del mobiliario, comprometida con ofrecer proyectos \u00fanicos y dise\u00f1os originales. Cada uno de nuestros proyectos est\u00e1 cuidadosamente dise\u00f1ado para transformar sus espacios de vida y crear una est\u00e9tica \u00fanica. Cada espacio tiene su propia historia y alma, y nuestro objetivo es contar esas historias a trav\u00e9s de nuestros proyectos de mobiliario.<\/p>\n<p class=\"\" data-start=\"688\" data-end=\"1038\">La idea detr\u00e1s de nuestros proyectos de mobiliario es combinar funcionalidad y est\u00e9tica. La belleza de un espacio debe equilibrarse con su funcionalidad. Cada pieza debe ser visualmente impresionante y, al mismo tiempo, facilitar su vida diaria. Por eso, en cada etapa de nuestros proyectos, nos aseguramos de combinar estos dos factores importantes.<\/p>\n<p class=\"\" data-start=\"1040\" data-end=\"1388\">Nuestros proyectos var\u00edan para satisfacer diferentes estilos y gustos. Ofrecemos una amplia gama que abarca desde dise\u00f1os modernos y minimalistas hasta toques cl\u00e1sicos y r\u00fasticos. Cada uno de nuestros proyectos tiene como objetivo reflejar las necesidades especiales y los estilos personales de nuestros clientes. Usted imagine, nosotros dise\u00f1amos.<\/p>\n<p class=\"\" data-start=\"1390\" data-end=\"1730\">Cada uno de nuestros proyectos de mobiliario se fabrica con materiales de alta calidad y artesan\u00eda experta. Elegimos los mejores materiales para garantizar durabilidad y longevidad, y nos aseguramos de que cada pieza se fabrique con esmero. Nuestros proyectos de mobiliario presentan dise\u00f1os elegantes que combinan est\u00e9tica y funcionalidad.<\/p>\n<p class=\"\" data-start=\"1732\" data-end=\"2030\">En cada etapa de la creaci\u00f3n de nuestros proyectos, trabajamos en estrecha colaboraci\u00f3n con nuestros clientes. Desde el primer paso, nos tomamos el tiempo para comprender sus demandas y expectativas. Durante la fase de dise\u00f1o, colaboramos con usted para presentar conceptos de dise\u00f1o y sugerencias.<\/p>\n<p class=\"\" data-start=\"2032\" data-end=\"2352\">Durante la implementaci\u00f3n de nuestros proyectos, la calidad y la precisi\u00f3n siempre son nuestra prioridad. Cada pieza de mobiliario se fabrica de acuerdo con los m\u00e1s altos est\u00e1ndares de calidad y pasa por un control final. Le brindamos un servicio profesional para entregarle sus muebles de manera segura y sin problemas.<\/p>\n<p class=\"\" data-start=\"2354\" data-end=\"2671\">Cada uno de nuestros proyectos tiene como objetivo superar las expectativas de nuestros clientes. Siempre seguimos las \u00faltimas tendencias y materiales, con el fin de ofrecer dise\u00f1os creativos y soluciones funcionales. Estamos aqu\u00ed para ofrecerle una experiencia de mobiliario \u00fanica y transformar sus espacios de vida.<\/p>\n<p class=\"\" data-start=\"2673\" data-end=\"3033\">Visite nuestra p\u00e1gina de proyectos para descubrir los proyectos de mobiliario dise\u00f1ados con la calidad y originalidad de \u00c7elmo Mobilya. Estamos aqu\u00ed para inspirarlo y hacer realidad sus sue\u00f1os. No dude en ponerse en contacto con nosotros para obtener m\u00e1s informaci\u00f3n o discutir sobre nuestros proyectos. Le invitamos a descubrir el mundo de nuestros proyectos.<\/p>\n<p class=\"\" data-start=\"3035\" data-end=\"3398\">Si tambi\u00e9n desea personalizar sus espacios de vida y unirse al m\u00e1gico mundo de nuestros proyectos de mobiliario, est\u00e1 en el lugar correcto para trabajar con \u00c7elmo Mobilya. Estamos aqu\u00ed para producir muebles dise\u00f1ados especialmente para usted y transformar sus espacios de vida. Recuerde, los proyectos de \u00c7elmo Mobilya no son solo muebles, \u00a1son un estilo de vida!<\/p>\n<p>[\/vc_column_text][\/vc_column][\/vc_row]<\/p>\n<\/div>","protected":false},"excerpt":{"rendered":"<p>[vc_row el_id=\u00bbrow-proje\u00bb mobile_bg_img_hidden=\u00bbno\u00bb tablet_bg_img_hidden=\u00bbno\u00bb woodmart_parallax=\u00bb0&#8243; woodmart_gradient_switch=\u00bbno\u00bb row_reverse_mobile=\u00bb0&#8243; row_reverse_tablet=\u00bb0&#8243; woodmart_disable_overflow=\u00bb0&#8243;][vc_column][vc_column_text text_larger=\u00bbno\u00bb woodmart_inline=\u00bbno\u00bb] \u00bfC\u00f3mo se llevan a cabo los procesos de dise\u00f1o<\/p>\n","protected":false},"author":1,"featured_media":22353,"parent":0,"menu_order":0,"comment_status":"closed","ping_status":"closed","template":"","meta":{"footnotes":""},"class_list":["post-22405","page","type-page","status-publish","has-post-thumbnail","hentry"],"yoast_head":"<!-- This site is optimized with the Yoast SEO Premium plugin v21.3 (Yoast SEO v27.3) - https:\/\/yoast.com\/product\/yoast-seo-premium-wordpress\/ -->\n<title>Proyecto - \u00c7elmo Mobilya<\/title>\n<meta name=\"robots\" content=\"index, follow, max-snippet:-1, max-image-preview:large, max-video-preview:-1\" \/>\n<link rel=\"canonical\" href=\"https:\/\/celmomobilya.com\/es\/proyecto\/\" \/>\n<meta property=\"og:locale\" content=\"es_ES\" \/>\n<meta property=\"og:type\" content=\"article\" \/>\n<meta property=\"og:title\" content=\"Proyecto - \u00c7elmo Mobilya\" \/>\n<meta property=\"og:description\" content=\"[vc_row el_id=\u00bbrow-proje\u00bb mobile_bg_img_hidden=\u00bbno\u00bb tablet_bg_img_hidden=\u00bbno\u00bb woodmart_parallax=\u00bb0&#8243; woodmart_gradient_switch=\u00bbno\u00bb row_reverse_mobile=\u00bb0&#8243; row_reverse_tablet=\u00bb0&#8243; woodmart_disable_overflow=\u00bb0&#8243;][vc_column][vc_column_text text_larger=\u00bbno\u00bb woodmart_inline=\u00bbno\u00bb] \u00bfC\u00f3mo se llevan a cabo los procesos de dise\u00f1o\" \/>\n<meta property=\"og:url\" content=\"https:\/\/celmomobilya.com\/es\/proyecto\/\" \/>\n<meta property=\"og:site_name\" content=\"\u00c7elmo Mobilya\" \/>\n<meta property=\"article:publisher\" content=\"https:\/\/www.facebook.com\/celmohome\" \/>\n<meta property=\"article:modified_time\" content=\"2025-04-14T17:54:38+00:00\" \/>\n<meta property=\"og:image\" content=\"https:\/\/celmomobilya.com\/wp-content\/uploads\/2024\/02\/logo.png\" \/>\n\t<meta property=\"og:image:width\" content=\"200\" \/>\n\t<meta property=\"og:image:height\" content=\"200\" \/>\n\t<meta property=\"og:image:type\" content=\"image\/png\" \/>\n<meta name=\"twitter:card\" content=\"summary_large_image\" \/>\n<meta name=\"twitter:label1\" content=\"Tiempo de lectura\" \/>\n\t<meta name=\"twitter:data1\" content=\"7 minutos\" \/>\n<script type=\"application\/ld+json\" class=\"yoast-schema-graph\">{\"@context\":\"https:\\\/\\\/schema.org\",\"@graph\":[{\"@type\":\"WebPage\",\"@id\":\"https:\\\/\\\/celmomobilya.com\\\/es\\\/proyecto\\\/\",\"url\":\"https:\\\/\\\/celmomobilya.com\\\/es\\\/proyecto\\\/\",\"name\":\"Proyecto - \u00c7elmo Mobilya\",\"isPartOf\":{\"@id\":\"https:\\\/\\\/celmomobilya.com\\\/es\\\/#website\"},\"primaryImageOfPage\":{\"@id\":\"https:\\\/\\\/celmomobilya.com\\\/es\\\/proyecto\\\/#primaryimage\"},\"image\":{\"@id\":\"https:\\\/\\\/celmomobilya.com\\\/es\\\/proyecto\\\/#primaryimage\"},\"thumbnailUrl\":\"https:\\\/\\\/celmomobilya.com\\\/wp-content\\\/uploads\\\/2024\\\/02\\\/logo.png\",\"datePublished\":\"2024-01-31T07:38:57+00:00\",\"dateModified\":\"2025-04-14T17:54:38+00:00\",\"inLanguage\":\"es\",\"potentialAction\":[{\"@type\":\"ReadAction\",\"target\":[\"https:\\\/\\\/celmomobilya.com\\\/es\\\/proyecto\\\/\"]}]},{\"@type\":\"ImageObject\",\"inLanguage\":\"es\",\"@id\":\"https:\\\/\\\/celmomobilya.com\\\/es\\\/proyecto\\\/#primaryimage\",\"url\":\"https:\\\/\\\/celmomobilya.com\\\/wp-content\\\/uploads\\\/2024\\\/02\\\/logo.png\",\"contentUrl\":\"https:\\\/\\\/celmomobilya.com\\\/wp-content\\\/uploads\\\/2024\\\/02\\\/logo.png\",\"width\":200,\"height\":200},{\"@type\":\"WebSite\",\"@id\":\"https:\\\/\\\/celmomobilya.com\\\/es\\\/#website\",\"url\":\"https:\\\/\\\/celmomobilya.com\\\/es\\\/\",\"name\":\"\u00c7elmo Mobilya\",\"description\":\"Modern ve Luxury Ev Mobilyalar\u0131\",\"potentialAction\":[{\"@type\":\"SearchAction\",\"target\":{\"@type\":\"EntryPoint\",\"urlTemplate\":\"https:\\\/\\\/celmomobilya.com\\\/es\\\/?s={search_term_string}\"},\"query-input\":{\"@type\":\"PropertyValueSpecification\",\"valueRequired\":true,\"valueName\":\"search_term_string\"}}],\"inLanguage\":\"es\"}]}<\/script>\n<!-- \/ Yoast SEO Premium plugin. -->","yoast_head_json":{"title":"Proyecto - \u00c7elmo Mobilya","robots":{"index":"index","follow":"follow","max-snippet":"max-snippet:-1","max-image-preview":"max-image-preview:large","max-video-preview":"max-video-preview:-1"},"canonical":"https:\/\/celmomobilya.com\/es\/proyecto\/","og_locale":"es_ES","og_type":"article","og_title":"Proyecto - \u00c7elmo Mobilya","og_description":"[vc_row el_id=\u00bbrow-proje\u00bb mobile_bg_img_hidden=\u00bbno\u00bb tablet_bg_img_hidden=\u00bbno\u00bb woodmart_parallax=\u00bb0&#8243; woodmart_gradient_switch=\u00bbno\u00bb row_reverse_mobile=\u00bb0&#8243; row_reverse_tablet=\u00bb0&#8243; woodmart_disable_overflow=\u00bb0&#8243;][vc_column][vc_column_text text_larger=\u00bbno\u00bb woodmart_inline=\u00bbno\u00bb] \u00bfC\u00f3mo se llevan a cabo los procesos de dise\u00f1o","og_url":"https:\/\/celmomobilya.com\/es\/proyecto\/","og_site_name":"\u00c7elmo Mobilya","article_publisher":"https:\/\/www.facebook.com\/celmohome","article_modified_time":"2025-04-14T17:54:38+00:00","og_image":[{"width":200,"height":200,"url":"https:\/\/celmomobilya.com\/wp-content\/uploads\/2024\/02\/logo.png","type":"image\/png"}],"twitter_card":"summary_large_image","twitter_misc":{"Tiempo de lectura":"7 minutos"},"schema":{"@context":"https:\/\/schema.org","@graph":[{"@type":"WebPage","@id":"https:\/\/celmomobilya.com\/es\/proyecto\/","url":"https:\/\/celmomobilya.com\/es\/proyecto\/","name":"Proyecto - \u00c7elmo Mobilya","isPartOf":{"@id":"https:\/\/celmomobilya.com\/es\/#website"},"primaryImageOfPage":{"@id":"https:\/\/celmomobilya.com\/es\/proyecto\/#primaryimage"},"image":{"@id":"https:\/\/celmomobilya.com\/es\/proyecto\/#primaryimage"},"thumbnailUrl":"https:\/\/celmomobilya.com\/wp-content\/uploads\/2024\/02\/logo.png","datePublished":"2024-01-31T07:38:57+00:00","dateModified":"2025-04-14T17:54:38+00:00","inLanguage":"es","potentialAction":[{"@type":"ReadAction","target":["https:\/\/celmomobilya.com\/es\/proyecto\/"]}]},{"@type":"ImageObject","inLanguage":"es","@id":"https:\/\/celmomobilya.com\/es\/proyecto\/#primaryimage","url":"https:\/\/celmomobilya.com\/wp-content\/uploads\/2024\/02\/logo.png","contentUrl":"https:\/\/celmomobilya.com\/wp-content\/uploads\/2024\/02\/logo.png","width":200,"height":200},{"@type":"WebSite","@id":"https:\/\/celmomobilya.com\/es\/#website","url":"https:\/\/celmomobilya.com\/es\/","name":"\u00c7elmo Mobilya","description":"Modern ve Luxury Ev Mobilyalar\u0131","potentialAction":[{"@type":"SearchAction","target":{"@type":"EntryPoint","urlTemplate":"https:\/\/celmomobilya.com\/es\/?s={search_term_string}"},"query-input":{"@type":"PropertyValueSpecification","valueRequired":true,"valueName":"search_term_string"}}],"inLanguage":"es"}]}},"_links":{"self":[{"href":"https:\/\/celmomobilya.com\/es\/wp-json\/wp\/v2\/pages\/22405","targetHints":{"allow":["GET"]}}],"collection":[{"href":"https:\/\/celmomobilya.com\/es\/wp-json\/wp\/v2\/pages"}],"about":[{"href":"https:\/\/celmomobilya.com\/es\/wp-json\/wp\/v2\/types\/page"}],"author":[{"embeddable":true,"href":"https:\/\/celmomobilya.com\/es\/wp-json\/wp\/v2\/users\/1"}],"replies":[{"embeddable":true,"href":"https:\/\/celmomobilya.com\/es\/wp-json\/wp\/v2\/comments?post=22405"}],"version-history":[{"count":2,"href":"https:\/\/celmomobilya.com\/es\/wp-json\/wp\/v2\/pages\/22405\/revisions"}],"predecessor-version":[{"id":22412,"href":"https:\/\/celmomobilya.com\/es\/wp-json\/wp\/v2\/pages\/22405\/revisions\/22412"}],"wp:featuredmedia":[{"embeddable":true,"href":"https:\/\/celmomobilya.com\/es\/wp-json\/wp\/v2\/media\/22353"}],"wp:attachment":[{"href":"https:\/\/celmomobilya.com\/es\/wp-json\/wp\/v2\/media?parent=22405"}],"curies":[{"name":"wp","href":"https:\/\/api.w.org\/{rel}","templated":true}]}}