{"id":22378,"date":"2024-01-31T10:43:53","date_gmt":"2024-01-31T07:43:53","guid":{"rendered":"https:\/\/celmomobilya.com\/?page_id=22378"},"modified":"2025-04-14T20:43:13","modified_gmt":"2025-04-14T17:43:13","slug":"patrocinios","status":"publish","type":"page","link":"https:\/\/celmomobilya.com\/es\/patrocinios\/","title":{"rendered":"Patrocinios"},"content":{"rendered":"<div class=\"wpb-content-wrapper\"><p>[vc_row full_width=\u00bbstretch_row_content_no_spaces\u00bb el_id=\u00bbtile\u00bb mobile_bg_img_hidden=\u00bbno\u00bb tablet_bg_img_hidden=\u00bbno\u00bb woodmart_parallax=\u00bb0&#8243; woodmart_gradient_switch=\u00bbno\u00bb row_reverse_mobile=\u00bb0&#8243; row_reverse_tablet=\u00bb0&#8243; woodmart_disable_overflow=\u00bb0&#8243;][vc_column css_animation=\u00bbfadeInUp\u00bb mobile_bg_img_hidden=\u00bbno\u00bb tablet_bg_img_hidden=\u00bbno\u00bb woodmart_parallax=\u00bb0&#8243; woodmart_sticky_column=\u00bbfalse\u00bb parallax_scroll=\u00bbno\u00bb mobile_reset_margin=\u00bbno\u00bb tablet_reset_margin=\u00bbno\u00bb]\t\t<div class=\"promo-banner-wrapper  wd-rs-65b9fa7c0875d \">\n\t\t\t<div id=\"wd-65b9fa7c0875d\" class=\"promo-banner  banner- banner-hover-none color-scheme-light banner-btn-size-default banner-btn-style-default  wd-underline-colored\"\t\t\t\t\t\t\t>\n\t\t\t\t<div class=\"main-wrapp-img\">\n\t\t\t\t\t<div class=\"banner-image wd-bg-position-center\" >\n\t\t\t\t\t\t<img loading=\"lazy\" decoding=\"async\" width=\"1920\" height=\"700\" src=\"https:\/\/celmomobilya.com\/wp-content\/uploads\/2024\/01\/sponsorluklar-slider.jpg\" class=\"attachment-full size-full\" alt=\"\" \/>\t\t\t\t\t<\/div>\n\t\t\t\t<\/div>\n\n\t\t\t\t<div class=\"wrapper-content-banner wd-fill  wd-items-middle wd-justify-center\">\n\t\t\t\t\t<div class=\"content-banner  text-center\">\n\t\t\t\t\t\t\t\t\t\t\t\t\t\t\t\t\t\t\t<div class=\"banner-inner set-cont-mb-s reset-last-child wd-fontsize-xs\">\n\t\t\t\t\t\t\t\t<\/p>\n<p style=\"text-align: center;\">Sponsorluklar<\/p>\n<p>\n\t\t\t\t\t\t\t<\/div>\n\t\t\t\t\t\t\n\t\t\t\t\t\t\n\t\t\t\t\t\t\t\t\t\t\t<\/div>\n\t\t\t\t<\/div>\n\t\t\t\t\t\t\t<\/div>\n\t\t<\/div>\n\n\t\t[\/vc_column][\/vc_row][vc_row css_animation=\u00bbfadeInUp\u00bb mobile_bg_img_hidden=\u00bbno\u00bb tablet_bg_img_hidden=\u00bbno\u00bb woodmart_parallax=\u00bb0&#8243; woodmart_gradient_switch=\u00bbno\u00bb row_reverse_mobile=\u00bb0&#8243; row_reverse_tablet=\u00bb0&#8243; woodmart_disable_overflow=\u00bb0&#8243;][vc_column width=\u00bb1\/2&#8243;][vc_raw_html]JTNDZGl2JTIwY2xhc3MlM0QlMjJ0aWxlJTIyJTNFQ2FtZGFraSUyMEslQzQlQjF6JTNDJTJGZGl2JTNF[\/vc_raw_html][vc_single_image image=\u00bb22380&#8243; img_size=\u00bbfull\u00bb parallax_scroll=\u00bbno\u00bb woodmart_inline=\u00bbno\u00bb][\/vc_column][vc_column width=\u00bb1\/2&#8243;][vc_raw_html]JTNDZGl2JTIwY2xhc3MlM0QlMjJ0aWxlJTIyJTNFJUMzJTg3JUMzJUI2cCUyMEFkYW0lM0MlMkZkaXYlM0U=[\/vc_raw_html][vc_single_image image=\u00bb22381&#8243; img_size=\u00bbfull\u00bb parallax_scroll=\u00bbno\u00bb woodmart_inline=\u00bbno\u00bb][\/vc_column][\/vc_row][vc_row css_animation=\u00bbfadeInUp\u00bb mobile_bg_img_hidden=\u00bbno\u00bb tablet_bg_img_hidden=\u00bbno\u00bb woodmart_parallax=\u00bb0&#8243; woodmart_gradient_switch=\u00bbno\u00bb row_reverse_mobile=\u00bb0&#8243; row_reverse_tablet=\u00bb0&#8243; woodmart_disable_overflow=\u00bb0&#8243;][vc_column width=\u00bb1\/3&#8243;][vc_raw_html]JTNDZGl2JTIwY2xhc3MlM0QlMjJ0aWxlJTIyJTNFRG8lQzQlOUZkdSVDNCU5RnVuJTIwRXYlMjBLYWRlcmluZGlyJTNDJTJGZGl2JTNF[\/vc_raw_html][vc_single_image image=\u00bb22386&#8243; img_size=\u00bbfull\u00bb parallax_scroll=\u00bbno\u00bb woodmart_inline=\u00bbno\u00bb][\/vc_column][vc_column width=\u00bb1\/3&#8243;][vc_raw_html]JTNDZGl2JTIwY2xhc3MlM0QlMjJ0aWxlJTIyJTNFVG9wcmFrJTIwJUM0JUIwbGUlMjBGaWRhbiUzQyUyRmRpdiUzRQ==[\/vc_raw_html][vc_single_image image=\u00bb22385&#8243; img_size=\u00bbfull\u00bb parallax_scroll=\u00bbno\u00bb woodmart_inline=\u00bbno\u00bb][\/vc_column][vc_column width=\u00bb1\/3&#8243;][vc_raw_html]JTNDZGl2JTIwY2xhc3MlM0QlMjJ0aWxlJTIyJTNFS2VmYXJldCUzQyUyRmRpdiUzRQ==[\/vc_raw_html][vc_single_image image=\u00bb22384&#8243; img_size=\u00bbfull\u00bb parallax_scroll=\u00bbno\u00bb woodmart_inline=\u00bbno\u00bb][\/vc_column][\/vc_row][vc_row css_animation=\u00bbfadeInUp\u00bb mobile_bg_img_hidden=\u00bbno\u00bb tablet_bg_img_hidden=\u00bbno\u00bb woodmart_parallax=\u00bb0&#8243; woodmart_gradient_switch=\u00bbno\u00bb row_reverse_mobile=\u00bb0&#8243; row_reverse_tablet=\u00bb0&#8243; woodmart_disable_overflow=\u00bb0&#8243;][vc_column css_animation=\u00bbfadeInLeft\u00bb width=\u00bb1\/2&#8243; mobile_bg_img_hidden=\u00bbno\u00bb tablet_bg_img_hidden=\u00bbno\u00bb woodmart_parallax=\u00bb0&#8243; woodmart_sticky_column=\u00bbfalse\u00bb parallax_scroll=\u00bbno\u00bb mobile_reset_margin=\u00bbno\u00bb tablet_reset_margin=\u00bbno\u00bb][vc_raw_html]JTNDZGl2JTIwY2xhc3MlM0QlMjJ0aWxlJTIyJTNFJUMzJTg3dWt1ciUzQyUyRmRpdiUzRQ==[\/vc_raw_html][vc_single_image image=\u00bb22382&#8243; img_size=\u00bbfull\u00bb parallax_scroll=\u00bbno\u00bb woodmart_inline=\u00bbno\u00bb][\/vc_column][vc_column css_animation=\u00bbfadeInRight\u00bb width=\u00bb1\/2&#8243; mobile_bg_img_hidden=\u00bbno\u00bb tablet_bg_img_hidden=\u00bbno\u00bb woodmart_parallax=\u00bb0&#8243; woodmart_sticky_column=\u00bbfalse\u00bb parallax_scroll=\u00bbno\u00bb mobile_reset_margin=\u00bbno\u00bb tablet_reset_margin=\u00bbno\u00bb][vc_raw_html]JTNDZGl2JTIwY2xhc3MlM0QlMjJ0aWxlJTIyJTNFJUM1JTlFZXZrYXQlMjBZZXJpbWRhciUzQyUyRmRpdiUzRQ==[\/vc_raw_html][vc_single_image image=\u00bb22383&#8243; img_size=\u00bbfull\u00bb parallax_scroll=\u00bbno\u00bb woodmart_inline=\u00bbno\u00bb][\/vc_column][\/vc_row][vc_row css_animation=\u00bbfadeInUp\u00bb mobile_bg_img_hidden=\u00bbno\u00bb tablet_bg_img_hidden=\u00bbno\u00bb woodmart_parallax=\u00bb0&#8243; woodmart_gradient_switch=\u00bbno\u00bb row_reverse_mobile=\u00bb0&#8243; row_reverse_tablet=\u00bb0&#8243; woodmart_disable_overflow=\u00bb0&#8243;][vc_column width=\u00bb1\/3&#8243;][vc_raw_html]JTNDZGl2JTIwY2xhc3MlM0QlMjJ0aWxlJTIyJTNFQSVDNSU5RmslMjBBJUM0JTlGbGF0JUM0JUIxciUzQyUyRmRpdiUzRQ==[\/vc_raw_html][vc_single_image image=\u00bb22394&#8243; img_size=\u00bbfull\u00bb parallax_scroll=\u00bbno\u00bb woodmart_inline=\u00bbno\u00bb][\/vc_column][vc_column width=\u00bb1\/3&#8243;][vc_raw_html]JTNDZGl2JTIwY2xhc3MlM0QlMjJ0aWxlJTIyJTNFQmFyYWolM0MlMkZkaXYlM0U=[\/vc_raw_html][vc_single_image image=\u00bb22393&#8243; img_size=\u00bbfull\u00bb parallax_scroll=\u00bbno\u00bb woodmart_inline=\u00bbno\u00bb][\/vc_column][vc_column width=\u00bb1\/3&#8243;][vc_raw_html]JTNDZGl2JTIwY2xhc3MlM0QlMjJ0aWxlJTIyJTNFQmlyJTIwTGl0cmUlMjBHJUMzJUI2enlhJUM1JTlGJUM0JUIxJTNDJTJGZGl2JTNF[\/vc_raw_html][vc_single_image image=\u00bb22392&#8243; img_size=\u00bbfull\u00bb parallax_scroll=\u00bbno\u00bb woodmart_inline=\u00bbno\u00bb][\/vc_column][\/vc_row][vc_row css_animation=\u00bbfadeInUp\u00bb mobile_bg_img_hidden=\u00bbno\u00bb tablet_bg_img_hidden=\u00bbno\u00bb woodmart_parallax=\u00bb0&#8243; woodmart_gradient_switch=\u00bbno\u00bb row_reverse_mobile=\u00bb0&#8243; row_reverse_tablet=\u00bb0&#8243; woodmart_disable_overflow=\u00bb0&#8243;][vc_column width=\u00bb1\/2&#8243;][vc_raw_html]JTNDZGl2JTIwY2xhc3MlM0QlMjJ0aWxlJTIyJTNFSGVyJTIwWWVyZGUlMjBTZW4lM0MlMkZkaXYlM0U=[\/vc_raw_html][vc_single_image image=\u00bb22391&#8243; img_size=\u00bbfull\u00bb parallax_scroll=\u00bbno\u00bb woodmart_inline=\u00bbno\u00bb][\/vc_column][vc_column width=\u00bb1\/2&#8243;][vc_raw_html]JTNDZGl2JTIwY2xhc3MlM0QlMjJ0aWxlJTIyJTNFRXJrZW5jaSUyMEt1JUM1JTlGJTNDJTJGZGl2JTNF[\/vc_raw_html][vc_single_image image=\u00bb22390&#8243; img_size=\u00bbfull\u00bb parallax_scroll=\u00bbno\u00bb woodmart_inline=\u00bbno\u00bb][\/vc_column][\/vc_row][vc_row css_animation=\u00bbfadeInUp\u00bb mobile_bg_img_hidden=\u00bbno\u00bb tablet_bg_img_hidden=\u00bbno\u00bb woodmart_parallax=\u00bb0&#8243; woodmart_gradient_switch=\u00bbno\u00bb row_reverse_mobile=\u00bb0&#8243; row_reverse_tablet=\u00bb0&#8243; woodmart_disable_overflow=\u00bb0&#8243;][vc_column width=\u00bb1\/3&#8243;][vc_raw_html]JTNDZGl2JTIwY2xhc3MlM0QlMjJ0aWxlJTIyJTNFS2ltc2UlMjBCaWxtZXolM0MlMkZkaXYlM0U=[\/vc_raw_html][vc_single_image image=\u00bb22389&#8243; img_size=\u00bbfull\u00bb parallax_scroll=\u00bbno\u00bb woodmart_inline=\u00bbno\u00bb][\/vc_column][vc_column width=\u00bb1\/3&#8243;][vc_raw_html]JTNDZGl2JTIwY2xhc3MlM0QlMjJ0aWxlJTIyJTNFJUM0JUIwbmNpciUyMEElQzQlOUZhYyVDNCVCMSUzQyUyRmRpdiUzRQ==[\/vc_raw_html][vc_single_image image=\u00bb22388&#8243; img_size=\u00bbfull\u00bb parallax_scroll=\u00bbno\u00bb woodmart_inline=\u00bbno\u00bb][\/vc_column][vc_column width=\u00bb1\/3&#8243;][vc_raw_html]JTNDZGl2JTIwY2xhc3MlM0QlMjJ0aWxlJTIyJTNFSyVDNCVCMXJnJUM0JUIxbiUyMCVDMyU4N2klQzMlQTdla2xlciUzQyUyRmRpdiUzRQ==[\/vc_raw_html][vc_single_image image=\u00bb22387&#8243; img_size=\u00bbfull\u00bb parallax_scroll=\u00bbno\u00bb woodmart_inline=\u00bbno\u00bb][\/vc_column][\/vc_row][vc_row css_animation=\u00bbfadeInUp\u00bb mobile_bg_img_hidden=\u00bbno\u00bb tablet_bg_img_hidden=\u00bbno\u00bb woodmart_parallax=\u00bb0&#8243; woodmart_gradient_switch=\u00bbno\u00bb row_reverse_mobile=\u00bb0&#8243; row_reverse_tablet=\u00bb0&#8243; woodmart_disable_overflow=\u00bb0&#8243;][vc_column width=\u00bb1\/2&#8243;][vc_raw_html]JTNDZGl2JTIwY2xhc3MlM0QlMjJ0aWxlJTIyJTNFQXZsdSUzQyUyRmRpdiUzRQ==[\/vc_raw_html][vc_single_image image=\u00bb22395&#8243; img_size=\u00bbfull\u00bb parallax_scroll=\u00bbno\u00bb woodmart_inline=\u00bbno\u00bb][\/vc_column][vc_column width=\u00bb1\/2&#8243;][vc_raw_html]JTNDZGl2JTIwY2xhc3MlM0QlMjJ0aWxlJTIyJTNFWmFsaW0lMjAlQzQlQjBzdGFuYnVsJTNDJTJGZGl2JTNF[\/vc_raw_html][vc_single_image image=\u00bb22396&#8243; img_size=\u00bbfull\u00bb parallax_scroll=\u00bbno\u00bb woodmart_inline=\u00bbno\u00bb][\/vc_column][\/vc_row][vc_row css_animation=\u00bbfadeInUp\u00bb mobile_bg_img_hidden=\u00bbno\u00bb tablet_bg_img_hidden=\u00bbno\u00bb woodmart_parallax=\u00bb0&#8243; woodmart_gradient_switch=\u00bbno\u00bb row_reverse_mobile=\u00bb0&#8243; row_reverse_tablet=\u00bb0&#8243; woodmart_disable_overflow=\u00bb0&#8243;][vc_column width=\u00bb1\/3&#8243;][vc_raw_html]JTNDZGl2JTIwY2xhc3MlM0QlMjJ0aWxlJTIyJTNFTXVjaXplJTIwRG9rdG9yJTNDJTJGZGl2JTNF[\/vc_raw_html][vc_single_image image=\u00bb22397&#8243; img_size=\u00bbfull\u00bb parallax_scroll=\u00bbno\u00bb woodmart_inline=\u00bbno\u00bb][\/vc_column][vc_column width=\u00bb1\/3&#8243;][vc_raw_html]JTNDZGl2JTIwY2xhc3MlM0QlMjJ0aWxlJTIyJTNFVnVyZ3VuJTNDJTJGZGl2JTNF[\/vc_raw_html][vc_single_image image=\u00bb22398&#8243; img_size=\u00bbfull\u00bb parallax_scroll=\u00bbno\u00bb woodmart_inline=\u00bbno\u00bb][\/vc_column][vc_column width=\u00bb1\/3&#8243;][vc_raw_html]JTNDZGl2JTIwY2xhc3MlM0QlMjJ0aWxlJTIyJTNFWmVtaGVyaSUzQyUyRmRpdiUzRQ==[\/vc_raw_html][vc_single_image image=\u00bb22399&#8243; img_size=\u00bbfull\u00bb parallax_scroll=\u00bbno\u00bb woodmart_inline=\u00bbno\u00bb][\/vc_column][\/vc_row][vc_row disable_element=\u00bbyes\u00bb mobile_bg_img_hidden=\u00bbno\u00bb tablet_bg_img_hidden=\u00bbno\u00bb woodmart_parallax=\u00bb0&#8243; woodmart_gradient_switch=\u00bbno\u00bb row_reverse_mobile=\u00bb0&#8243; row_reverse_tablet=\u00bb0&#8243; woodmart_disable_overflow=\u00bb0&#8243;][vc_column][vc_column_text text_larger=\u00bbno\u00bb woodmart_inline=\u00bbno\u00bb]En \u00c7elmo Mobilya, no solo estamos comprometidos con el dise\u00f1o y la producci\u00f3n de muebles, sino tambi\u00e9n con hacer una contribuci\u00f3n positiva a la sociedad y al medio ambiente. Nuestra p\u00e1gina de patrocinio es un reflejo de este compromiso. No solo nos enfocamos en ofrecer los mejores productos de muebles a nuestros clientes, sino que tambi\u00e9n damos prioridad a nuestra responsabilidad social y ambiental.<\/p>\n<p>Nuestros patrocinios incluyen oportunidades para apoyar diversos proyectos, organizaciones e iniciativas comunitarias. En \u00c7elmo Mobilya, no solo nos centramos en el \u00e9xito comercial, sino que tambi\u00e9n cumplimos con nuestra responsabilidad social. Por ello, buscamos devolver a la sociedad mediante patrocinios y colaboraciones en diversas \u00e1reas.<\/p>\n<p>Como parte de nuestros patrocinios, apoyamos con frecuencia eventos de dise\u00f1o y arte. Estos eventos ayudan a fomentar la creatividad y a apoyar la expresi\u00f3n art\u00edstica. Adem\u00e1s, buscamos celebrar el poder del arte al ofrecer oportunidades a las comunidades locales y artistas.<\/p>\n<p>Tambi\u00e9n mostramos sensibilidad hacia proyectos ecol\u00f3gicos. La sostenibilidad es uno de los principios fundamentales de \u00c7elmo Mobilya. Por eso, apoyamos proyectos e iniciativas que son sensibles al medio ambiente. Estos proyectos sirven para proteger los recursos naturales y dejar un mundo m\u00e1s limpio y verde para las generaciones futuras.<\/p>\n<p>Nuestro compromiso con ofrecer oportunidades a los j\u00f3venes talentos forma parte de nuestros patrocinios educativos. La educaci\u00f3n juega un papel clave en el desarrollo de la sociedad. Invertir en la educaci\u00f3n y el futuro de los j\u00f3venes les brinda la oportunidad de un futuro m\u00e1s brillante.<\/p>\n<p>Otro aspecto importante de nuestros patrocinios es el apoyo a proyectos de salud y asistencia social. Los servicios de salud y asistencia social est\u00e1n destinados a ayudar a los miembros m\u00e1s vulnerables de la comunidad. Apoyar estos proyectos ayuda a crear comunidades m\u00e1s saludables y respaldadas.<\/p>\n<p>En \u00c7elmo Mobilya, nuestro objetivo es construir un mundo mejor para la sociedad a trav\u00e9s de nuestros patrocinios y colaboraciones. Por eso, somos conscientes de nuestra responsabilidad social y nos enorgullece apoyar diversos proyectos y organizaciones. Al visitar esta p\u00e1gina, puedes obtener m\u00e1s informaci\u00f3n sobre los proyectos y colaboraciones que apoyamos y aprender c\u00f3mo puedes contribuir.<\/p>\n<p>Si deseas unirte a nuestro compromiso de hacer una contribuci\u00f3n positiva a la sociedad y al medio ambiente, cont\u00e1ctanos. Juntos podemos hacer una gran diferencia. En \u00c7elmo Mobilya, queremos destacar no solo por nuestros productos, sino tambi\u00e9n por nuestra responsabilidad social en el mundo del mobiliario. Estamos ansiosos por que te unas a nosotros.[\/vc_column_text][\/vc_column][\/vc_row]<\/p>\n<\/div>","protected":false},"excerpt":{"rendered":"<p>[vc_row full_width=\u00bbstretch_row_content_no_spaces\u00bb el_id=\u00bbtile\u00bb mobile_bg_img_hidden=\u00bbno\u00bb tablet_bg_img_hidden=\u00bbno\u00bb woodmart_parallax=\u00bb0&#8243; woodmart_gradient_switch=\u00bbno\u00bb row_reverse_mobile=\u00bb0&#8243; row_reverse_tablet=\u00bb0&#8243; woodmart_disable_overflow=\u00bb0&#8243;][vc_column css_animation=\u00bbfadeInUp\u00bb mobile_bg_img_hidden=\u00bbno\u00bb tablet_bg_img_hidden=\u00bbno\u00bb woodmart_parallax=\u00bb0&#8243; woodmart_sticky_column=\u00bbfalse\u00bb parallax_scroll=\u00bbno\u00bb mobile_reset_margin=\u00bbno\u00bb tablet_reset_margin=\u00bbno\u00bb][\/vc_column][\/vc_row][vc_row css_animation=\u00bbfadeInUp\u00bb mobile_bg_img_hidden=\u00bbno\u00bb<\/p>\n","protected":false},"author":1,"featured_media":22353,"parent":0,"menu_order":0,"comment_status":"closed","ping_status":"closed","template":"","meta":{"footnotes":""},"class_list":["post-22378","page","type-page","status-publish","has-post-thumbnail","hentry"],"yoast_head":"<!-- This site is optimized with the Yoast SEO Premium plugin v21.3 (Yoast SEO v27.3) - https:\/\/yoast.com\/product\/yoast-seo-premium-wordpress\/ -->\n<title>Patrocinios - \u00c7elmo Mobilya<\/title>\n<meta name=\"robots\" content=\"index, follow, max-snippet:-1, max-image-preview:large, max-video-preview:-1\" \/>\n<link rel=\"canonical\" href=\"https:\/\/celmomobilya.com\/es\/patrocinios\/\" \/>\n<meta property=\"og:locale\" content=\"es_ES\" \/>\n<meta property=\"og:type\" content=\"article\" \/>\n<meta property=\"og:title\" content=\"Patrocinios - \u00c7elmo Mobilya\" \/>\n<meta property=\"og:description\" content=\"[vc_row full_width=\u00bbstretch_row_content_no_spaces\u00bb el_id=\u00bbtile\u00bb mobile_bg_img_hidden=\u00bbno\u00bb tablet_bg_img_hidden=\u00bbno\u00bb woodmart_parallax=\u00bb0&#8243; woodmart_gradient_switch=\u00bbno\u00bb row_reverse_mobile=\u00bb0&#8243; row_reverse_tablet=\u00bb0&#8243; woodmart_disable_overflow=\u00bb0&#8243;][vc_column css_animation=\u00bbfadeInUp\u00bb mobile_bg_img_hidden=\u00bbno\u00bb tablet_bg_img_hidden=\u00bbno\u00bb woodmart_parallax=\u00bb0&#8243; woodmart_sticky_column=\u00bbfalse\u00bb parallax_scroll=\u00bbno\u00bb mobile_reset_margin=\u00bbno\u00bb tablet_reset_margin=\u00bbno\u00bb][\/vc_column][\/vc_row][vc_row css_animation=\u00bbfadeInUp\u00bb mobile_bg_img_hidden=\u00bbno\u00bb\" \/>\n<meta property=\"og:url\" content=\"https:\/\/celmomobilya.com\/es\/patrocinios\/\" \/>\n<meta property=\"og:site_name\" content=\"\u00c7elmo Mobilya\" \/>\n<meta property=\"article:publisher\" content=\"https:\/\/www.facebook.com\/celmohome\" \/>\n<meta property=\"article:modified_time\" content=\"2025-04-14T17:43:13+00:00\" \/>\n<meta property=\"og:image\" content=\"https:\/\/celmomobilya.com\/wp-content\/uploads\/2024\/02\/logo.png\" \/>\n\t<meta property=\"og:image:width\" content=\"200\" \/>\n\t<meta property=\"og:image:height\" content=\"200\" \/>\n\t<meta property=\"og:image:type\" content=\"image\/png\" \/>\n<meta name=\"twitter:card\" content=\"summary_large_image\" \/>\n<meta name=\"twitter:label1\" content=\"Tiempo de lectura\" \/>\n\t<meta name=\"twitter:data1\" content=\"8 minutos\" \/>\n<script type=\"application\/ld+json\" class=\"yoast-schema-graph\">{\"@context\":\"https:\\\/\\\/schema.org\",\"@graph\":[{\"@type\":\"WebPage\",\"@id\":\"https:\\\/\\\/celmomobilya.com\\\/es\\\/patrocinios\\\/\",\"url\":\"https:\\\/\\\/celmomobilya.com\\\/es\\\/patrocinios\\\/\",\"name\":\"Patrocinios - \u00c7elmo Mobilya\",\"isPartOf\":{\"@id\":\"https:\\\/\\\/celmomobilya.com\\\/es\\\/#website\"},\"primaryImageOfPage\":{\"@id\":\"https:\\\/\\\/celmomobilya.com\\\/es\\\/patrocinios\\\/#primaryimage\"},\"image\":{\"@id\":\"https:\\\/\\\/celmomobilya.com\\\/es\\\/patrocinios\\\/#primaryimage\"},\"thumbnailUrl\":\"https:\\\/\\\/celmomobilya.com\\\/wp-content\\\/uploads\\\/2024\\\/02\\\/logo.png\",\"datePublished\":\"2024-01-31T07:43:53+00:00\",\"dateModified\":\"2025-04-14T17:43:13+00:00\",\"inLanguage\":\"es\",\"potentialAction\":[{\"@type\":\"ReadAction\",\"target\":[\"https:\\\/\\\/celmomobilya.com\\\/es\\\/patrocinios\\\/\"]}]},{\"@type\":\"ImageObject\",\"inLanguage\":\"es\",\"@id\":\"https:\\\/\\\/celmomobilya.com\\\/es\\\/patrocinios\\\/#primaryimage\",\"url\":\"https:\\\/\\\/celmomobilya.com\\\/wp-content\\\/uploads\\\/2024\\\/02\\\/logo.png\",\"contentUrl\":\"https:\\\/\\\/celmomobilya.com\\\/wp-content\\\/uploads\\\/2024\\\/02\\\/logo.png\",\"width\":200,\"height\":200},{\"@type\":\"WebSite\",\"@id\":\"https:\\\/\\\/celmomobilya.com\\\/es\\\/#website\",\"url\":\"https:\\\/\\\/celmomobilya.com\\\/es\\\/\",\"name\":\"\u00c7elmo Mobilya\",\"description\":\"Modern ve Luxury Ev Mobilyalar\u0131\",\"potentialAction\":[{\"@type\":\"SearchAction\",\"target\":{\"@type\":\"EntryPoint\",\"urlTemplate\":\"https:\\\/\\\/celmomobilya.com\\\/es\\\/?s={search_term_string}\"},\"query-input\":{\"@type\":\"PropertyValueSpecification\",\"valueRequired\":true,\"valueName\":\"search_term_string\"}}],\"inLanguage\":\"es\"}]}<\/script>\n<!-- \/ Yoast SEO Premium plugin. -->","yoast_head_json":{"title":"Patrocinios - \u00c7elmo Mobilya","robots":{"index":"index","follow":"follow","max-snippet":"max-snippet:-1","max-image-preview":"max-image-preview:large","max-video-preview":"max-video-preview:-1"},"canonical":"https:\/\/celmomobilya.com\/es\/patrocinios\/","og_locale":"es_ES","og_type":"article","og_title":"Patrocinios - \u00c7elmo Mobilya","og_description":"[vc_row full_width=\u00bbstretch_row_content_no_spaces\u00bb el_id=\u00bbtile\u00bb mobile_bg_img_hidden=\u00bbno\u00bb tablet_bg_img_hidden=\u00bbno\u00bb woodmart_parallax=\u00bb0&#8243; woodmart_gradient_switch=\u00bbno\u00bb row_reverse_mobile=\u00bb0&#8243; row_reverse_tablet=\u00bb0&#8243; woodmart_disable_overflow=\u00bb0&#8243;][vc_column css_animation=\u00bbfadeInUp\u00bb mobile_bg_img_hidden=\u00bbno\u00bb tablet_bg_img_hidden=\u00bbno\u00bb woodmart_parallax=\u00bb0&#8243; woodmart_sticky_column=\u00bbfalse\u00bb parallax_scroll=\u00bbno\u00bb mobile_reset_margin=\u00bbno\u00bb tablet_reset_margin=\u00bbno\u00bb][\/vc_column][\/vc_row][vc_row css_animation=\u00bbfadeInUp\u00bb mobile_bg_img_hidden=\u00bbno\u00bb","og_url":"https:\/\/celmomobilya.com\/es\/patrocinios\/","og_site_name":"\u00c7elmo Mobilya","article_publisher":"https:\/\/www.facebook.com\/celmohome","article_modified_time":"2025-04-14T17:43:13+00:00","og_image":[{"width":200,"height":200,"url":"https:\/\/celmomobilya.com\/wp-content\/uploads\/2024\/02\/logo.png","type":"image\/png"}],"twitter_card":"summary_large_image","twitter_misc":{"Tiempo de lectura":"8 minutos"},"schema":{"@context":"https:\/\/schema.org","@graph":[{"@type":"WebPage","@id":"https:\/\/celmomobilya.com\/es\/patrocinios\/","url":"https:\/\/celmomobilya.com\/es\/patrocinios\/","name":"Patrocinios - \u00c7elmo Mobilya","isPartOf":{"@id":"https:\/\/celmomobilya.com\/es\/#website"},"primaryImageOfPage":{"@id":"https:\/\/celmomobilya.com\/es\/patrocinios\/#primaryimage"},"image":{"@id":"https:\/\/celmomobilya.com\/es\/patrocinios\/#primaryimage"},"thumbnailUrl":"https:\/\/celmomobilya.com\/wp-content\/uploads\/2024\/02\/logo.png","datePublished":"2024-01-31T07:43:53+00:00","dateModified":"2025-04-14T17:43:13+00:00","inLanguage":"es","potentialAction":[{"@type":"ReadAction","target":["https:\/\/celmomobilya.com\/es\/patrocinios\/"]}]},{"@type":"ImageObject","inLanguage":"es","@id":"https:\/\/celmomobilya.com\/es\/patrocinios\/#primaryimage","url":"https:\/\/celmomobilya.com\/wp-content\/uploads\/2024\/02\/logo.png","contentUrl":"https:\/\/celmomobilya.com\/wp-content\/uploads\/2024\/02\/logo.png","width":200,"height":200},{"@type":"WebSite","@id":"https:\/\/celmomobilya.com\/es\/#website","url":"https:\/\/celmomobilya.com\/es\/","name":"\u00c7elmo Mobilya","description":"Modern ve Luxury Ev Mobilyalar\u0131","potentialAction":[{"@type":"SearchAction","target":{"@type":"EntryPoint","urlTemplate":"https:\/\/celmomobilya.com\/es\/?s={search_term_string}"},"query-input":{"@type":"PropertyValueSpecification","valueRequired":true,"valueName":"search_term_string"}}],"inLanguage":"es"}]}},"_links":{"self":[{"href":"https:\/\/celmomobilya.com\/es\/wp-json\/wp\/v2\/pages\/22378","targetHints":{"allow":["GET"]}}],"collection":[{"href":"https:\/\/celmomobilya.com\/es\/wp-json\/wp\/v2\/pages"}],"about":[{"href":"https:\/\/celmomobilya.com\/es\/wp-json\/wp\/v2\/types\/page"}],"author":[{"embeddable":true,"href":"https:\/\/celmomobilya.com\/es\/wp-json\/wp\/v2\/users\/1"}],"replies":[{"embeddable":true,"href":"https:\/\/celmomobilya.com\/es\/wp-json\/wp\/v2\/comments?post=22378"}],"version-history":[{"count":2,"href":"https:\/\/celmomobilya.com\/es\/wp-json\/wp\/v2\/pages\/22378\/revisions"}],"predecessor-version":[{"id":22401,"href":"https:\/\/celmomobilya.com\/es\/wp-json\/wp\/v2\/pages\/22378\/revisions\/22401"}],"wp:featuredmedia":[{"embeddable":true,"href":"https:\/\/celmomobilya.com\/es\/wp-json\/wp\/v2\/media\/22353"}],"wp:attachment":[{"href":"https:\/\/celmomobilya.com\/es\/wp-json\/wp\/v2\/media?parent=22378"}],"curies":[{"name":"wp","href":"https:\/\/api.w.org\/{rel}","templated":true}]}}